{"id":5948,"date":"2023-07-18T12:20:49","date_gmt":"2023-07-18T12:20:49","guid":{"rendered":"https:\/\/electronic-system-cockpit.fr\/produit\/placa-adaptadora-arduino-mobiflight-para-ecra-de-simulacao-fcu-a320-kav\/"},"modified":"2025-07-18T18:10:08","modified_gmt":"2025-07-18T16:10:08","slug":"placa-adaptadora-arduino-mobiflight-para-ecra-de-simulacao-fcu-a320-kav","status":"publish","type":"product","link":"https:\/\/electronic-system-cockpit.fr\/pt-br\/boutique\/placa-adaptadora-arduino-mobiflight-para-ecra-de-simulacao-fcu-a320-kav\/","title":{"rendered":"Placa adaptadora Arduino Mobiflight para tela de simula\u00e7\u00e3o FCU A320 Kav"},"content":{"rendered":"<p>Placa adaptadora para arduino Mobiflight<\/p>\n<p>Compat\u00edvel com a FCU da Homecockpits.fr dispon\u00edvel<a href=\"https:\/\/www.homecockpits.fr\/fr\/accueil\/444-489-fcu-a320.html#\/76-finition-push_pull_home_line\"> aqui<\/a><\/p>\n<p>Gerenciamento de todas as entradas e sa\u00eddas<\/p>\n<p>Gerenciamento da luz de fundo PWM<\/p>\n<p> DATASHEET<\/p>\n<p>arduino mega R3 n\u00e3o inclu\u00eddo<\/p>\n","protected":false},"excerpt":{"rendered":"<p>Placa adaptadora para arduino Mobiflight Compat\u00edvel com a FCU da Homecockpits.fr dispon\u00edvel aqui Gerenciamento de todas as entradas e sa\u00eddas Gerenciamento da luz de fundo PWM DATASHEET arduino mega R3 n\u00e3o inclu\u00eddo<\/p>\n","protected":false},"featured_media":5952,"template":"","meta":{"neve_meta_sidebar":"","neve_meta_container":"","neve_meta_enable_content_width":"off","neve_meta_content_width":100,"neve_meta_title_alignment":"","neve_meta_author_avatar":"","neve_post_elements_order":"","neve_meta_disable_header":"","neve_meta_disable_footer":"","neve_meta_disable_title":""},"product_brand":[],"product_cat":[240,244,243],"product_tag":[],"class_list":{"0":"post-5948","1":"product","2":"type-product","3":"status-publish","4":"has-post-thumbnail","6":"product_cat-arduino-pt-br","7":"product_cat-airbus-a320-pt-br","8":"product_cat-carte-mere-pt-br","10":"first","11":"instock","12":"shipping-taxable","13":"purchasable","14":"product-type-simple"},"_links":{"self":[{"href":"https:\/\/electronic-system-cockpit.fr\/pt-br\/wp-json\/wp\/v2\/product\/5948","targetHints":{"allow":["GET"]}}],"collection":[{"href":"https:\/\/electronic-system-cockpit.fr\/pt-br\/wp-json\/wp\/v2\/product"}],"about":[{"href":"https:\/\/electronic-system-cockpit.fr\/pt-br\/wp-json\/wp\/v2\/types\/product"}],"wp:featuredmedia":[{"embeddable":true,"href":"https:\/\/electronic-system-cockpit.fr\/pt-br\/wp-json\/wp\/v2\/media\/5952"}],"wp:attachment":[{"href":"https:\/\/electronic-system-cockpit.fr\/pt-br\/wp-json\/wp\/v2\/media?parent=5948"}],"wp:term":[{"taxonomy":"product_brand","embeddable":true,"href":"https:\/\/electronic-system-cockpit.fr\/pt-br\/wp-json\/wp\/v2\/product_brand?post=5948"},{"taxonomy":"product_cat","embeddable":true,"href":"https:\/\/electronic-system-cockpit.fr\/pt-br\/wp-json\/wp\/v2\/product_cat?post=5948"},{"taxonomy":"product_tag","embeddable":true,"href":"https:\/\/electronic-system-cockpit.fr\/pt-br\/wp-json\/wp\/v2\/product_tag?post=5948"}],"curies":[{"name":"wp","href":"https:\/\/api.w.org\/{rel}","templated":true}]}}