{"id":5993,"date":"2023-11-29T16:11:31","date_gmt":"2023-11-29T16:11:31","guid":{"rendered":"https:\/\/electronic-system-cockpit.fr\/produit\/placa-mae-pedestal-h145\/"},"modified":"2025-08-21T15:50:18","modified_gmt":"2025-08-21T13:50:18","slug":"placa-mae-pedestal-h145","status":"publish","type":"product","link":"https:\/\/electronic-system-cockpit.fr\/pt-br\/boutique\/placa-mae-pedestal-h145\/","title":{"rendered":"Placa-m\u00e3e Pedestal H145"},"content":{"rendered":"<p>Circuito eletr\u00f4nico com Arduino inclu\u00eddo.<\/p>\n<p>Permite a interface programada dos seguintes m\u00f3dulos:<\/p>\n<p>ACP<\/p>\n<p>APCP<\/p>\n<p>Painel Clim\u00e1tico<\/p>\n<p>ELT<\/p>\n<p>Painel Euronav<\/p>\n<p>GNS(GTN)750 Esquerda e direita<\/p>\n<p>Painel do radar<\/p>\n<p>Interruptor de painel MDF<\/p>\n<p>Telefone do painel<\/p>\n<p>Painel TFM 138<\/p>\n<p>Painel GND POWER<\/p>\n<p>&nbsp;<\/p>\n<p>Plug and Play no Mobiflight com o Hype Simulation H145<\/p>\n<p>O c\u00f3digo completo ser\u00e1 enviado a voc\u00ea por e-mail quando fizer o pedido.<\/p>\n<p>&nbsp;<\/p>\n<p>Cabo USB inclu\u00eddo<\/p>\n<p>Fonte de alimenta\u00e7\u00e3o de 5 volts inclu\u00edda.<\/p>\n","protected":false},"excerpt":{"rendered":"<p>Circuito eletr\u00f4nico com Arduino inclu\u00eddo. Permite a interface programada dos seguintes m\u00f3dulos: ACP APCP Painel Clim\u00e1tico ELT Painel Euronav GNS(GTN)750 Esquerda e direita Painel do radar Interruptor de painel MDF Telefone do painel Painel TFM 138 Painel GND POWER &nbsp; Plug and Play no Mobiflight com o Hype Simulation H145 O c\u00f3digo completo ser\u00e1 enviado&hellip;&nbsp;<a href=\"https:\/\/electronic-system-cockpit.fr\/pt-br\/boutique\/placa-mae-pedestal-h145\/\" rel=\"bookmark\">Continue a ler &raquo;<span class=\"screen-reader-text\">Placa-m\u00e3e Pedestal H145<\/span><\/a><\/p>\n","protected":false},"featured_media":8075,"template":"","meta":{"neve_meta_sidebar":"","neve_meta_container":"","neve_meta_enable_content_width":"off","neve_meta_content_width":100,"neve_meta_title_alignment":"","neve_meta_author_avatar":"","neve_post_elements_order":"","neve_meta_disable_header":"","neve_meta_disable_footer":"","neve_meta_disable_title":""},"product_brand":[],"product_cat":[240,255,256],"product_tag":[],"class_list":{"0":"post-5993","1":"product","2":"type-product","3":"status-publish","4":"has-post-thumbnail","6":"product_cat-arduino-pt-br","7":"product_cat-helicoptero-airbus-pt-br","8":"product_cat-pedestal-pt-br","10":"first","11":"instock","12":"shipping-taxable","13":"purchasable","14":"product-type-simple"},"_links":{"self":[{"href":"https:\/\/electronic-system-cockpit.fr\/pt-br\/wp-json\/wp\/v2\/product\/5993","targetHints":{"allow":["GET"]}}],"collection":[{"href":"https:\/\/electronic-system-cockpit.fr\/pt-br\/wp-json\/wp\/v2\/product"}],"about":[{"href":"https:\/\/electronic-system-cockpit.fr\/pt-br\/wp-json\/wp\/v2\/types\/product"}],"wp:featuredmedia":[{"embeddable":true,"href":"https:\/\/electronic-system-cockpit.fr\/pt-br\/wp-json\/wp\/v2\/media\/8075"}],"wp:attachment":[{"href":"https:\/\/electronic-system-cockpit.fr\/pt-br\/wp-json\/wp\/v2\/media?parent=5993"}],"wp:term":[{"taxonomy":"product_brand","embeddable":true,"href":"https:\/\/electronic-system-cockpit.fr\/pt-br\/wp-json\/wp\/v2\/product_brand?post=5993"},{"taxonomy":"product_cat","embeddable":true,"href":"https:\/\/electronic-system-cockpit.fr\/pt-br\/wp-json\/wp\/v2\/product_cat?post=5993"},{"taxonomy":"product_tag","embeddable":true,"href":"https:\/\/electronic-system-cockpit.fr\/pt-br\/wp-json\/wp\/v2\/product_tag?post=5993"}],"curies":[{"name":"wp","href":"https:\/\/api.w.org\/{rel}","templated":true}]}}