{"id":6030,"date":"2023-11-29T16:26:32","date_gmt":"2023-11-29T16:26:32","guid":{"rendered":"https:\/\/electronic-system-cockpit.fr\/produit\/painel-euronav-h145\/"},"modified":"2025-08-21T16:04:48","modified_gmt":"2025-08-21T14:04:48","slug":"painel-euronav-h145","status":"publish","type":"product","link":"https:\/\/electronic-system-cockpit.fr\/pt-br\/boutique\/painel-euronav-h145\/","title":{"rendered":"Painel Euronav H145"},"content":{"rendered":"<p>Painel Euronav H145<\/p>\n<p>&nbsp;<\/p>\n<p>Esta fun\u00e7\u00e3o n\u00e3o est\u00e1 atualmente dispon\u00edvel na simula\u00e7\u00e3o Hype.<\/p>\n<p>Bot\u00f5es, bot\u00f5es de press\u00e3o, codificador, com interface .<\/p>\n<p>O circuito eletr\u00f4nico com luz de fundo verde inclui .<\/p>\n<p>Conector IDC .<\/p>\n<p>Inclui toalha de mesa de conex\u00e3o.<\/p>\n<p>PLUG AND PLAY no Mobiflight e Hype SImulation com a placa-m\u00e3e dispon\u00edvel <a href=\"https:\/\/electronic-system-cockpit.fr\/produit\/carte-mere-pedestal-h145\/\">AQUI<\/a>.<\/p>\n<p>Contraface de 3 mm, face de 6 mm.<\/p>\n<p>Tamanho 146*55mm<\/p>\n<p>Dzus M4 incluts<\/p>\n<p><a href=\"https:\/\/electronic-system-cockpit.fr\/wp-content\/uploads\/2023\/11\/connexion-pin-pedestal-H145.pdf\">FICHA DE DADOS PLANO DE LIGA\u00c7\u00c3O<\/a><\/p>\n<p>Fabricados sob encomenda, os prazos de entrega podem variar de 1 a 2 semanas, dependendo da complexidade do m\u00f3dulo.<\/p>\n","protected":false},"excerpt":{"rendered":"<p>Painel Euronav H145 &nbsp; Esta fun\u00e7\u00e3o n\u00e3o est\u00e1 atualmente dispon\u00edvel na simula\u00e7\u00e3o Hype. Bot\u00f5es, bot\u00f5es de press\u00e3o, codificador, com interface . O circuito eletr\u00f4nico com luz de fundo verde inclui . Conector IDC . Inclui toalha de mesa de conex\u00e3o. PLUG AND PLAY no Mobiflight e Hype SImulation com a placa-m\u00e3e dispon\u00edvel AQUI. Contraface de&hellip;&nbsp;<a href=\"https:\/\/electronic-system-cockpit.fr\/pt-br\/boutique\/painel-euronav-h145\/\" rel=\"bookmark\">Continue a ler &raquo;<span class=\"screen-reader-text\">Painel Euronav H145<\/span><\/a><\/p>\n","protected":false},"featured_media":8180,"template":"","meta":{"neve_meta_sidebar":"","neve_meta_container":"","neve_meta_enable_content_width":"off","neve_meta_content_width":100,"neve_meta_title_alignment":"","neve_meta_author_avatar":"","neve_post_elements_order":"","neve_meta_disable_header":"","neve_meta_disable_footer":"","neve_meta_disable_title":""},"product_brand":[],"product_cat":[255,256],"product_tag":[],"class_list":{"0":"post-6030","1":"product","2":"type-product","3":"status-publish","4":"has-post-thumbnail","6":"product_cat-helicoptero-airbus-pt-br","7":"product_cat-pedestal-pt-br","9":"first","10":"instock","11":"shipping-taxable","12":"purchasable","13":"product-type-simple"},"_links":{"self":[{"href":"https:\/\/electronic-system-cockpit.fr\/pt-br\/wp-json\/wp\/v2\/product\/6030","targetHints":{"allow":["GET"]}}],"collection":[{"href":"https:\/\/electronic-system-cockpit.fr\/pt-br\/wp-json\/wp\/v2\/product"}],"about":[{"href":"https:\/\/electronic-system-cockpit.fr\/pt-br\/wp-json\/wp\/v2\/types\/product"}],"wp:featuredmedia":[{"embeddable":true,"href":"https:\/\/electronic-system-cockpit.fr\/pt-br\/wp-json\/wp\/v2\/media\/8180"}],"wp:attachment":[{"href":"https:\/\/electronic-system-cockpit.fr\/pt-br\/wp-json\/wp\/v2\/media?parent=6030"}],"wp:term":[{"taxonomy":"product_brand","embeddable":true,"href":"https:\/\/electronic-system-cockpit.fr\/pt-br\/wp-json\/wp\/v2\/product_brand?post=6030"},{"taxonomy":"product_cat","embeddable":true,"href":"https:\/\/electronic-system-cockpit.fr\/pt-br\/wp-json\/wp\/v2\/product_cat?post=6030"},{"taxonomy":"product_tag","embeddable":true,"href":"https:\/\/electronic-system-cockpit.fr\/pt-br\/wp-json\/wp\/v2\/product_tag?post=6030"}],"curies":[{"name":"wp","href":"https:\/\/api.w.org\/{rel}","templated":true}]}}