{"id":6141,"date":"2023-11-29T16:48:14","date_gmt":"2023-11-29T16:48:14","guid":{"rendered":"https:\/\/electronic-system-cockpit.fr\/produit\/painel-tetra-h145\/"},"modified":"2025-08-21T15:53:37","modified_gmt":"2025-08-21T13:53:37","slug":"painel-tetra-h145","status":"publish","type":"product","link":"https:\/\/electronic-system-cockpit.fr\/pt-br\/boutique\/painel-tetra-h145\/","title":{"rendered":"Painel Tetra H145"},"content":{"rendered":"<p>Painel decorativo Tetra H145<\/p>\n<p>Resina ABS<\/p>\n<p>Dzus M4 inclu\u00eddo.<\/p>\n<p>dimens\u00e3o 146*40mm<\/p>\n<p>Feito sob encomenda, o prazo de entrega pode variar de 1 a 2 semanas, dependendo da complexidade do m\u00f3dulo.<\/p>\n","protected":false},"excerpt":{"rendered":"<p>Painel decorativo Tetra H145 Resina ABS Dzus M4 inclu\u00eddo. dimens\u00e3o 146*40mm Feito sob encomenda, o prazo de entrega pode variar de 1 a 2 semanas, dependendo da complexidade do m\u00f3dulo.<\/p>\n","protected":false},"featured_media":8271,"template":"","meta":{"neve_meta_sidebar":"","neve_meta_container":"","neve_meta_enable_content_width":"off","neve_meta_content_width":100,"neve_meta_title_alignment":"","neve_meta_author_avatar":"","neve_post_elements_order":"","neve_meta_disable_header":"","neve_meta_disable_footer":"","neve_meta_disable_title":""},"product_brand":[],"product_cat":[255,256],"product_tag":[],"class_list":{"0":"post-6141","1":"product","2":"type-product","3":"status-publish","4":"has-post-thumbnail","6":"product_cat-helicoptero-airbus-pt-br","7":"product_cat-pedestal-pt-br","9":"first","10":"instock","11":"shipping-taxable","12":"purchasable","13":"product-type-simple"},"_links":{"self":[{"href":"https:\/\/electronic-system-cockpit.fr\/pt-br\/wp-json\/wp\/v2\/product\/6141","targetHints":{"allow":["GET"]}}],"collection":[{"href":"https:\/\/electronic-system-cockpit.fr\/pt-br\/wp-json\/wp\/v2\/product"}],"about":[{"href":"https:\/\/electronic-system-cockpit.fr\/pt-br\/wp-json\/wp\/v2\/types\/product"}],"wp:featuredmedia":[{"embeddable":true,"href":"https:\/\/electronic-system-cockpit.fr\/pt-br\/wp-json\/wp\/v2\/media\/8271"}],"wp:attachment":[{"href":"https:\/\/electronic-system-cockpit.fr\/pt-br\/wp-json\/wp\/v2\/media?parent=6141"}],"wp:term":[{"taxonomy":"product_brand","embeddable":true,"href":"https:\/\/electronic-system-cockpit.fr\/pt-br\/wp-json\/wp\/v2\/product_brand?post=6141"},{"taxonomy":"product_cat","embeddable":true,"href":"https:\/\/electronic-system-cockpit.fr\/pt-br\/wp-json\/wp\/v2\/product_cat?post=6141"},{"taxonomy":"product_tag","embeddable":true,"href":"https:\/\/electronic-system-cockpit.fr\/pt-br\/wp-json\/wp\/v2\/product_tag?post=6141"}],"curies":[{"name":"wp","href":"https:\/\/api.w.org\/{rel}","templated":true}]}}