{"id":6289,"date":"2024-01-26T08:31:10","date_gmt":"2024-01-26T08:31:10","guid":{"rendered":"https:\/\/electronic-system-cockpit.fr\/produit\/cabeca-h145\/"},"modified":"2026-03-12T12:01:18","modified_gmt":"2026-03-12T11:01:18","slug":"overhead-h145","status":"publish","type":"product","link":"https:\/\/electronic-system-cockpit.fr\/pt-br\/boutique\/overhead-h145\/","title":{"rendered":"OVERHEAD H145 HEMS vers\u00e3o V2"},"content":{"rendered":"<p>OVHD H145<\/p>\n<p>totalmente compat\u00edvel e plug and play com a simula\u00e7\u00e3o Hype e o Mobiflight.<\/p>\n<p>compat\u00edvel com o XFER H145 no Xplane e no Mobiflight.<\/p>\n<p>Luz de fundo inclu\u00edda<\/p>\n<p>arduino mega R3 mini inclu\u00eddo<\/p>\n<p>&nbsp;<\/p>\n<p>O c\u00f3digo completo ser\u00e1 enviado a voc\u00ea por e-mail quando fizer o pedido.<\/p>\n<p>&nbsp;<\/p>\n<p>Cabo USB inclu\u00eddo<\/p>\n<p>Fonte de alimenta\u00e7\u00e3o de 5 volts inclu\u00edda.<\/p>\n<p>Dimens\u00f5es em formato DXF dispon\u00edveis <a href=\"https:\/\/electronic-system-cockpit.fr\/wp-content\/uploads\/2024\/01\/ensemble-oh.zip\">aqui<\/a>.<\/p>\n<p>Fabricados sob encomenda, os prazos de entrega podem variar de 1 a 2 semanas.<\/p>\n","protected":false},"excerpt":{"rendered":"<p>OVHD H145 totalmente compat\u00edvel e plug and play com a simula\u00e7\u00e3o Hype e o Mobiflight. compat\u00edvel com o XFER H145 no Xplane e no Mobiflight. Luz de fundo inclu\u00edda arduino mega R3 mini inclu\u00eddo &nbsp; O c\u00f3digo completo ser\u00e1 enviado a voc\u00ea por e-mail quando fizer o pedido. &nbsp; Cabo USB inclu\u00eddo Fonte de alimenta\u00e7\u00e3o&hellip;&nbsp;<a href=\"https:\/\/electronic-system-cockpit.fr\/pt-br\/boutique\/overhead-h145\/\" rel=\"bookmark\">Continue a ler &raquo;<span class=\"screen-reader-text\">OVERHEAD H145 HEMS vers\u00e3o V2<\/span><\/a><\/p>\n","protected":false},"featured_media":8900,"template":"","meta":{"neve_meta_sidebar":"","neve_meta_container":"","neve_meta_enable_content_width":"off","neve_meta_content_width":100,"neve_meta_title_alignment":"","neve_meta_author_avatar":"","neve_post_elements_order":"","neve_meta_disable_header":"","neve_meta_disable_footer":"","neve_meta_disable_title":""},"product_brand":[],"product_cat":[255,261],"product_tag":[],"class_list":{"0":"post-6289","1":"product","2":"type-product","3":"status-publish","4":"has-post-thumbnail","6":"product_cat-helicoptero-airbus-pt-br","7":"product_cat-ovh-pt-br","9":"first","10":"instock","11":"shipping-taxable","12":"purchasable","13":"product-type-simple"},"_links":{"self":[{"href":"https:\/\/electronic-system-cockpit.fr\/pt-br\/wp-json\/wp\/v2\/product\/6289","targetHints":{"allow":["GET"]}}],"collection":[{"href":"https:\/\/electronic-system-cockpit.fr\/pt-br\/wp-json\/wp\/v2\/product"}],"about":[{"href":"https:\/\/electronic-system-cockpit.fr\/pt-br\/wp-json\/wp\/v2\/types\/product"}],"wp:featuredmedia":[{"embeddable":true,"href":"https:\/\/electronic-system-cockpit.fr\/pt-br\/wp-json\/wp\/v2\/media\/8900"}],"wp:attachment":[{"href":"https:\/\/electronic-system-cockpit.fr\/pt-br\/wp-json\/wp\/v2\/media?parent=6289"}],"wp:term":[{"taxonomy":"product_brand","embeddable":true,"href":"https:\/\/electronic-system-cockpit.fr\/pt-br\/wp-json\/wp\/v2\/product_brand?post=6289"},{"taxonomy":"product_cat","embeddable":true,"href":"https:\/\/electronic-system-cockpit.fr\/pt-br\/wp-json\/wp\/v2\/product_cat?post=6289"},{"taxonomy":"product_tag","embeddable":true,"href":"https:\/\/electronic-system-cockpit.fr\/pt-br\/wp-json\/wp\/v2\/product_tag?post=6289"}],"curies":[{"name":"wp","href":"https:\/\/api.w.org\/{rel}","templated":true}]}}