{"id":6373,"date":"2024-02-10T10:52:02","date_gmt":"2024-02-10T10:52:02","guid":{"rendered":"https:\/\/electronic-system-cockpit.fr\/produit\/conjunto-de-2-paineis-de-disjuntores-h145\/"},"modified":"2025-08-21T16:41:01","modified_gmt":"2025-08-21T14:41:01","slug":"conjunto-de-2-paineis-de-disjuntores-h145","status":"publish","type":"product","link":"https:\/\/electronic-system-cockpit.fr\/pt-br\/boutique\/conjunto-de-2-paineis-de-disjuntores-h145\/","title":{"rendered":"Conjunto de 2 pain\u00e9is de disjuntores H145"},"content":{"rendered":"<p>Pain\u00e9is de disjuntores H145<\/p>\n<p>conecta-se ao OVHD por meio de duas tiras de conectores<\/p>\n<p>retroilumina\u00e7\u00e3o inclu\u00edda<\/p>\n<p>Disjuntor fict\u00edcio n\u00e3o funcional<\/p>\n<p>Interruptor BUS TIE GEN funcional<\/p>\n<p>O c\u00f3digo completo ser\u00e1 fornecido com o pedido por e-mail.<\/p>\n<p>Dimens\u00f5es em formato DXF dispon\u00edveis <a href=\"https:\/\/electronic-system-cockpit.fr\/wp-content\/uploads\/2024\/01\/ensemble-oh.zip\">aqui<\/a>.<\/p>\n<p>O tempo de fabrica\u00e7\u00e3o sob encomenda pode variar de 1 a 2 semanas.<\/p>\n","protected":false},"excerpt":{"rendered":"<p>Pain\u00e9is de disjuntores H145 conecta-se ao OVHD por meio de duas tiras de conectores retroilumina\u00e7\u00e3o inclu\u00edda Disjuntor fict\u00edcio n\u00e3o funcional Interruptor BUS TIE GEN funcional O c\u00f3digo completo ser\u00e1 fornecido com o pedido por e-mail. Dimens\u00f5es em formato DXF dispon\u00edveis aqui. O tempo de fabrica\u00e7\u00e3o sob encomenda pode variar de 1 a 2 semanas.<\/p>\n","protected":false},"featured_media":8446,"template":"","meta":{"neve_meta_sidebar":"","neve_meta_container":"","neve_meta_enable_content_width":"off","neve_meta_content_width":100,"neve_meta_title_alignment":"","neve_meta_author_avatar":"","neve_post_elements_order":"","neve_meta_disable_header":"","neve_meta_disable_footer":"","neve_meta_disable_title":""},"product_brand":[],"product_cat":[255,261],"product_tag":[],"class_list":{"0":"post-6373","1":"product","2":"type-product","3":"status-publish","4":"has-post-thumbnail","6":"product_cat-helicoptero-airbus-pt-br","7":"product_cat-ovh-pt-br","9":"first","10":"instock","11":"shipping-taxable","12":"purchasable","13":"product-type-simple"},"_links":{"self":[{"href":"https:\/\/electronic-system-cockpit.fr\/pt-br\/wp-json\/wp\/v2\/product\/6373","targetHints":{"allow":["GET"]}}],"collection":[{"href":"https:\/\/electronic-system-cockpit.fr\/pt-br\/wp-json\/wp\/v2\/product"}],"about":[{"href":"https:\/\/electronic-system-cockpit.fr\/pt-br\/wp-json\/wp\/v2\/types\/product"}],"wp:featuredmedia":[{"embeddable":true,"href":"https:\/\/electronic-system-cockpit.fr\/pt-br\/wp-json\/wp\/v2\/media\/8446"}],"wp:attachment":[{"href":"https:\/\/electronic-system-cockpit.fr\/pt-br\/wp-json\/wp\/v2\/media?parent=6373"}],"wp:term":[{"taxonomy":"product_brand","embeddable":true,"href":"https:\/\/electronic-system-cockpit.fr\/pt-br\/wp-json\/wp\/v2\/product_brand?post=6373"},{"taxonomy":"product_cat","embeddable":true,"href":"https:\/\/electronic-system-cockpit.fr\/pt-br\/wp-json\/wp\/v2\/product_cat?post=6373"},{"taxonomy":"product_tag","embeddable":true,"href":"https:\/\/electronic-system-cockpit.fr\/pt-br\/wp-json\/wp\/v2\/product_tag?post=6373"}],"curies":[{"name":"wp","href":"https:\/\/api.w.org\/{rel}","templated":true}]}}