{"id":6637,"date":"2024-04-06T09:11:16","date_gmt":"2024-04-06T09:11:16","guid":{"rendered":"https:\/\/electronic-system-cockpit.fr\/produit\/placa-mae-mip-mfd-h145\/"},"modified":"2025-08-19T15:14:46","modified_gmt":"2025-08-19T13:14:46","slug":"placa-mae-mip-mfd-h145","status":"publish","type":"product","link":"https:\/\/electronic-system-cockpit.fr\/pt-br\/boutique\/placa-mae-mip-mfd-h145\/","title":{"rendered":"PLACA-M\u00c3E MIP MFD H145"},"content":{"rendered":"<p>Circuito eletr\u00f4nico com Arduino mini inclu\u00eddo.<\/p>\n<p>Permite a interface programada dos seguintes m\u00f3dulos:<\/p>\n<p>ECP<\/p>\n<p>MFD1<\/p>\n<p>MFD2<\/p>\n<p>MFD4<\/p>\n<p>IESI<\/p>\n<p>UNIDADE DE ADVERT\u00caNCIA<\/p>\n<p>CONJUNTO DO INDICADOR 6 UNIDADES<\/p>\n<p>&nbsp;<\/p>\n<p>&nbsp;<\/p>\n<p>Plug and Play no Mobiflight com o Hype Simulation H145<\/p>\n<p>O c\u00f3digo completo ser\u00e1 enviado a voc\u00ea por e-mail quando fizer o pedido.<\/p>\n<p>&nbsp;<\/p>\n<p>Cabo USB inclu\u00eddo<\/p>\n<p>Fonte de alimenta\u00e7\u00e3o de 5 volts inclu\u00edda.<\/p>\n<p>&nbsp;<\/p>\n","protected":false},"excerpt":{"rendered":"<p>Circuito eletr\u00f4nico com Arduino mini inclu\u00eddo. Permite a interface programada dos seguintes m\u00f3dulos: ECP MFD1 MFD2 MFD4 IESI UNIDADE DE ADVERT\u00caNCIA CONJUNTO DO INDICADOR 6 UNIDADES &nbsp; &nbsp; Plug and Play no Mobiflight com o Hype Simulation H145 O c\u00f3digo completo ser\u00e1 enviado a voc\u00ea por e-mail quando fizer o pedido. &nbsp; Cabo USB inclu\u00eddo&hellip;&nbsp;<a href=\"https:\/\/electronic-system-cockpit.fr\/pt-br\/boutique\/placa-mae-mip-mfd-h145\/\" rel=\"bookmark\">Continue a ler &raquo;<span class=\"screen-reader-text\">PLACA-M\u00c3E MIP MFD H145<\/span><\/a><\/p>\n","protected":false},"featured_media":8411,"template":"","meta":{"neve_meta_sidebar":"","neve_meta_container":"","neve_meta_enable_content_width":"off","neve_meta_content_width":100,"neve_meta_title_alignment":"","neve_meta_author_avatar":"","neve_post_elements_order":"","neve_meta_disable_header":"","neve_meta_disable_footer":"","neve_meta_disable_title":""},"product_brand":[],"product_cat":[267,255],"product_tag":[],"class_list":{"0":"post-6637","1":"product","2":"type-product","3":"status-publish","4":"has-post-thumbnail","6":"product_cat-escudo-de-protecao-mip","7":"product_cat-helicoptero-airbus-pt-br","9":"first","10":"instock","11":"featured","12":"purchasable","13":"product-type-simple"},"_links":{"self":[{"href":"https:\/\/electronic-system-cockpit.fr\/pt-br\/wp-json\/wp\/v2\/product\/6637","targetHints":{"allow":["GET"]}}],"collection":[{"href":"https:\/\/electronic-system-cockpit.fr\/pt-br\/wp-json\/wp\/v2\/product"}],"about":[{"href":"https:\/\/electronic-system-cockpit.fr\/pt-br\/wp-json\/wp\/v2\/types\/product"}],"wp:featuredmedia":[{"embeddable":true,"href":"https:\/\/electronic-system-cockpit.fr\/pt-br\/wp-json\/wp\/v2\/media\/8411"}],"wp:attachment":[{"href":"https:\/\/electronic-system-cockpit.fr\/pt-br\/wp-json\/wp\/v2\/media?parent=6637"}],"wp:term":[{"taxonomy":"product_brand","embeddable":true,"href":"https:\/\/electronic-system-cockpit.fr\/pt-br\/wp-json\/wp\/v2\/product_brand?post=6637"},{"taxonomy":"product_cat","embeddable":true,"href":"https:\/\/electronic-system-cockpit.fr\/pt-br\/wp-json\/wp\/v2\/product_cat?post=6637"},{"taxonomy":"product_tag","embeddable":true,"href":"https:\/\/electronic-system-cockpit.fr\/pt-br\/wp-json\/wp\/v2\/product_tag?post=6637"}],"curies":[{"name":"wp","href":"https:\/\/api.w.org\/{rel}","templated":true}]}}