{"id":6780,"date":"2024-04-23T08:18:04","date_gmt":"2024-04-23T08:18:04","guid":{"rendered":"https:\/\/electronic-system-cockpit.fr\/produit\/folheto-call-sign-personalizavel\/"},"modified":"2025-08-21T16:30:08","modified_gmt":"2025-08-21T14:30:08","slug":"folheto-call-sign-personalizavel","status":"publish","type":"product","link":"https:\/\/electronic-system-cockpit.fr\/pt-br\/boutique\/folheto-call-sign-personalizavel\/","title":{"rendered":"Folheto CALL SIGN personaliz\u00e1vel"},"content":{"rendered":"<p>Conjunto de 2 placas de identifica\u00e7\u00e3o<\/p>\n<p>tamanho 65*16mm<\/p>\n<p>a grava\u00e7\u00e3o pode ser personalizada, entre em contato conosco ao fazer o pedido para definir o seu sinal de chamada<\/p>\n","protected":false},"excerpt":{"rendered":"<p>Conjunto de 2 placas de identifica\u00e7\u00e3o tamanho 65*16mm a grava\u00e7\u00e3o pode ser personalizada, entre em contato conosco ao fazer o pedido para definir o seu sinal de chamada<\/p>\n","protected":false},"featured_media":8369,"template":"","meta":{"neve_meta_sidebar":"","neve_meta_container":"","neve_meta_enable_content_width":"off","neve_meta_content_width":100,"neve_meta_title_alignment":"","neve_meta_author_avatar":"","neve_post_elements_order":"","neve_meta_disable_header":"","neve_meta_disable_footer":"","neve_meta_disable_title":""},"product_brand":[],"product_cat":[267,255],"product_tag":[],"class_list":{"0":"post-6780","1":"product","2":"type-product","3":"status-publish","4":"has-post-thumbnail","6":"product_cat-escudo-de-protecao-mip","7":"product_cat-helicoptero-airbus-pt-br","9":"first","10":"instock","11":"featured","12":"purchasable","13":"product-type-simple"},"_links":{"self":[{"href":"https:\/\/electronic-system-cockpit.fr\/pt-br\/wp-json\/wp\/v2\/product\/6780","targetHints":{"allow":["GET"]}}],"collection":[{"href":"https:\/\/electronic-system-cockpit.fr\/pt-br\/wp-json\/wp\/v2\/product"}],"about":[{"href":"https:\/\/electronic-system-cockpit.fr\/pt-br\/wp-json\/wp\/v2\/types\/product"}],"wp:featuredmedia":[{"embeddable":true,"href":"https:\/\/electronic-system-cockpit.fr\/pt-br\/wp-json\/wp\/v2\/media\/8369"}],"wp:attachment":[{"href":"https:\/\/electronic-system-cockpit.fr\/pt-br\/wp-json\/wp\/v2\/media?parent=6780"}],"wp:term":[{"taxonomy":"product_brand","embeddable":true,"href":"https:\/\/electronic-system-cockpit.fr\/pt-br\/wp-json\/wp\/v2\/product_brand?post=6780"},{"taxonomy":"product_cat","embeddable":true,"href":"https:\/\/electronic-system-cockpit.fr\/pt-br\/wp-json\/wp\/v2\/product_cat?post=6780"},{"taxonomy":"product_tag","embeddable":true,"href":"https:\/\/electronic-system-cockpit.fr\/pt-br\/wp-json\/wp\/v2\/product_tag?post=6780"}],"curies":[{"name":"wp","href":"https:\/\/api.w.org\/{rel}","templated":true}]}}