{"id":6985,"date":"2024-06-03T14:22:08","date_gmt":"2024-06-03T14:22:08","guid":{"rendered":"https:\/\/electronic-system-cockpit.fr\/produit\/unidade-de-aviso-h145\/"},"modified":"2025-08-19T14:51:25","modified_gmt":"2025-08-19T12:51:25","slug":"unidade-de-aviso-h145","status":"publish","type":"product","link":"https:\/\/electronic-system-cockpit.fr\/pt-br\/boutique\/unidade-de-aviso-h145\/","title":{"rendered":"UNIDADE DE AVISO H145"},"content":{"rendered":"<p>Painel da unidade de aviso H145<\/p>\n<p>Bot\u00f5es interligados, bot\u00f5es de press\u00e3o, LEDs.<\/p>\n<p>O circuito eletr\u00f4nico com luz de fundo verde inclui .<\/p>\n<p>Conector FFC .<\/p>\n<p>Inclui toalha de mesa de conex\u00e3o.<\/p>\n<p>PLUG AND PLAY no Mobiflight e Hype SImulation com a placa-m\u00e3e dispon\u00edvel <a href=\"https:\/\/electronic-system-cockpit.fr\/produit\/carte-mere-mip-mfd-h145\/\">AQUI<\/a>.<\/p>\n<p>Resina ABS<\/p>\n<p>Tamanho 311*40 mm<\/p>\n<p>Parafusos M4 inclu\u00eddos .<\/p>\n<p><a href=\"https:\/\/electronic-system-cockpit.fr\/wp-content\/uploads\/2024\/06\/datasheet-MIP-dxf.zip\">FOLHA DE DADOS MIP H145<\/a><\/p>\n<p>Fabricados sob encomenda, os prazos de entrega podem variar de 1 a 2 semanas, dependendo da complexidade do m\u00f3dulo.<\/p>\n","protected":false},"excerpt":{"rendered":"<p>Painel da unidade de aviso H145 Bot\u00f5es interligados, bot\u00f5es de press\u00e3o, LEDs. O circuito eletr\u00f4nico com luz de fundo verde inclui . Conector FFC . Inclui toalha de mesa de conex\u00e3o. PLUG AND PLAY no Mobiflight e Hype SImulation com a placa-m\u00e3e dispon\u00edvel AQUI. Resina ABS Tamanho 311*40 mm Parafusos M4 inclu\u00eddos . FOLHA DE&hellip;&nbsp;<a href=\"https:\/\/electronic-system-cockpit.fr\/pt-br\/boutique\/unidade-de-aviso-h145\/\" rel=\"bookmark\">Continue a ler &raquo;<span class=\"screen-reader-text\">UNIDADE DE AVISO H145<\/span><\/a><\/p>\n","protected":false},"featured_media":8425,"template":"","meta":{"neve_meta_sidebar":"","neve_meta_container":"","neve_meta_enable_content_width":"off","neve_meta_content_width":100,"neve_meta_title_alignment":"","neve_meta_author_avatar":"","neve_post_elements_order":"","neve_meta_disable_header":"","neve_meta_disable_footer":"","neve_meta_disable_title":""},"product_brand":[],"product_cat":[267,255],"product_tag":[],"class_list":{"0":"post-6985","1":"product","2":"type-product","3":"status-publish","4":"has-post-thumbnail","6":"product_cat-escudo-de-protecao-mip","7":"product_cat-helicoptero-airbus-pt-br","9":"first","10":"instock","11":"shipping-taxable","12":"purchasable","13":"product-type-simple"},"_links":{"self":[{"href":"https:\/\/electronic-system-cockpit.fr\/pt-br\/wp-json\/wp\/v2\/product\/6985","targetHints":{"allow":["GET"]}}],"collection":[{"href":"https:\/\/electronic-system-cockpit.fr\/pt-br\/wp-json\/wp\/v2\/product"}],"about":[{"href":"https:\/\/electronic-system-cockpit.fr\/pt-br\/wp-json\/wp\/v2\/types\/product"}],"wp:featuredmedia":[{"embeddable":true,"href":"https:\/\/electronic-system-cockpit.fr\/pt-br\/wp-json\/wp\/v2\/media\/8425"}],"wp:attachment":[{"href":"https:\/\/electronic-system-cockpit.fr\/pt-br\/wp-json\/wp\/v2\/media?parent=6985"}],"wp:term":[{"taxonomy":"product_brand","embeddable":true,"href":"https:\/\/electronic-system-cockpit.fr\/pt-br\/wp-json\/wp\/v2\/product_brand?post=6985"},{"taxonomy":"product_cat","embeddable":true,"href":"https:\/\/electronic-system-cockpit.fr\/pt-br\/wp-json\/wp\/v2\/product_cat?post=6985"},{"taxonomy":"product_tag","embeddable":true,"href":"https:\/\/electronic-system-cockpit.fr\/pt-br\/wp-json\/wp\/v2\/product_tag?post=6985"}],"curies":[{"name":"wp","href":"https:\/\/api.w.org\/{rel}","templated":true}]}}