{"id":7018,"date":"2024-06-11T09:39:10","date_gmt":"2024-06-11T09:39:10","guid":{"rendered":"https:\/\/electronic-system-cockpit.fr\/produit\/partida-do-motor-ecp-h145\/"},"modified":"2024-06-11T09:39:10","modified_gmt":"2024-06-11T09:39:10","slug":"partida-do-motor-ecp-h145","status":"publish","type":"product","link":"https:\/\/electronic-system-cockpit.fr\/pt-br\/boutique\/partida-do-motor-ecp-h145\/","title":{"rendered":"Partida do motor ECP H145"},"content":{"rendered":"<p>Interruptor de 3 posi\u00e7\u00f5es com trava de seguran\u00e7a mec\u00e2nica .<\/p>\n<p>Projetado para ser montado em um suporte de 3 mm de espessura.<\/p>\n<p>Furo de montagem de 12 mm de di\u00e2metro.<\/p>\n<p>resina de prote\u00e7\u00e3o abs .<\/p>\n<p>&nbsp;<\/p>\n","protected":false},"excerpt":{"rendered":"<p>Interruptor de 3 posi\u00e7\u00f5es com trava de seguran\u00e7a mec\u00e2nica . Projetado para ser montado em um suporte de 3 mm de espessura. Furo de montagem de 12 mm de di\u00e2metro. resina de prote\u00e7\u00e3o abs . &nbsp;<\/p>\n","protected":false},"featured_media":7007,"template":"","meta":{"neve_meta_sidebar":"","neve_meta_container":"","neve_meta_enable_content_width":"off","neve_meta_content_width":100,"neve_meta_title_alignment":"","neve_meta_author_avatar":"","neve_post_elements_order":"","neve_meta_disable_header":"","neve_meta_disable_footer":"","neve_meta_disable_title":""},"product_brand":[],"product_cat":[267,255],"product_tag":[],"class_list":{"0":"post-7018","1":"product","2":"type-product","3":"status-publish","4":"has-post-thumbnail","6":"product_cat-escudo-de-protecao-mip","7":"product_cat-helicoptero-airbus-pt-br","9":"first","10":"instock","11":"shipping-taxable","12":"purchasable","13":"product-type-simple"},"_links":{"self":[{"href":"https:\/\/electronic-system-cockpit.fr\/pt-br\/wp-json\/wp\/v2\/product\/7018","targetHints":{"allow":["GET"]}}],"collection":[{"href":"https:\/\/electronic-system-cockpit.fr\/pt-br\/wp-json\/wp\/v2\/product"}],"about":[{"href":"https:\/\/electronic-system-cockpit.fr\/pt-br\/wp-json\/wp\/v2\/types\/product"}],"wp:featuredmedia":[{"embeddable":true,"href":"https:\/\/electronic-system-cockpit.fr\/pt-br\/wp-json\/wp\/v2\/media\/7007"}],"wp:attachment":[{"href":"https:\/\/electronic-system-cockpit.fr\/pt-br\/wp-json\/wp\/v2\/media?parent=7018"}],"wp:term":[{"taxonomy":"product_brand","embeddable":true,"href":"https:\/\/electronic-system-cockpit.fr\/pt-br\/wp-json\/wp\/v2\/product_brand?post=7018"},{"taxonomy":"product_cat","embeddable":true,"href":"https:\/\/electronic-system-cockpit.fr\/pt-br\/wp-json\/wp\/v2\/product_cat?post=7018"},{"taxonomy":"product_tag","embeddable":true,"href":"https:\/\/electronic-system-cockpit.fr\/pt-br\/wp-json\/wp\/v2\/product_tag?post=7018"}],"curies":[{"name":"wp","href":"https:\/\/api.w.org\/{rel}","templated":true}]}}