{"id":7127,"date":"2024-07-15T10:23:38","date_gmt":"2024-07-15T08:23:38","guid":{"rendered":"https:\/\/electronic-system-cockpit.fr\/produit\/pedestal-h145-full-plug-and-play-com-hypesimulation\/"},"modified":"2025-12-10T22:39:12","modified_gmt":"2025-12-10T21:39:12","slug":"pedestal-h145-full-plug-and-play-avec-hypesimulation","status":"publish","type":"product","link":"https:\/\/electronic-system-cockpit.fr\/pt-br\/boutique\/pedestal-h145-full-plug-and-play-avec-hypesimulation\/","title":{"rendered":"Pedestal H145 FULL PLUG AND PLAY com HYPESIMULATION"},"content":{"rendered":"<p>Pedestal completo H145<\/p>\n<p>Estrutura de alum\u00ednio<\/p>\n<p>inclui os seguintes m\u00f3dulos:<\/p>\n<p>ACP<\/p>\n<p>APCP<\/p>\n<p>Placas traseiras<\/p>\n<p>GTN750 com tela sens\u00edvel ao toque<\/p>\n<p>Escalada do painel<\/p>\n<p>Dados de painel<\/p>\n<p>Painel ELT<\/p>\n<p>Painel Euronav<\/p>\n<p>Alimenta\u00e7\u00e3o de terra do painel<\/p>\n<p>Painel do radar<\/p>\n<p>Interruptor do painel MFD<\/p>\n<p>Painel telef\u00f4nico<\/p>\n<p>Painel Tetra<\/p>\n<p>Painel TFM<\/p>\n<p>Placa-m\u00e3e inclu\u00edda<\/p>\n<p>Funciona com o mobiflight<\/p>\n<p>Plug and play no Hypesimulation H145 e MSFS<\/p>\n<p>Tempo de produ\u00e7\u00e3o: 5 a 6 semanas.<\/p>\n<p>O c\u00f3digo mobiflight ser\u00e1 enviado a voc\u00ea por e-mail quando fizer o pedido.<\/p>\n","protected":false},"excerpt":{"rendered":"<p>Pedestal completo H145 Estrutura de alum\u00ednio inclui os seguintes m\u00f3dulos: ACP APCP Placas traseiras GTN750 com tela sens\u00edvel ao toque Escalada do painel Dados de painel Painel ELT Painel Euronav Alimenta\u00e7\u00e3o de terra do painel Painel do radar Interruptor do painel MFD Painel telef\u00f4nico Painel Tetra Painel TFM Placa-m\u00e3e inclu\u00edda Funciona com o mobiflight Plug&hellip;&nbsp;<a href=\"https:\/\/electronic-system-cockpit.fr\/pt-br\/boutique\/pedestal-h145-full-plug-and-play-avec-hypesimulation\/\" rel=\"bookmark\">Continue a ler &raquo;<span class=\"screen-reader-text\">Pedestal H145 FULL PLUG AND PLAY com HYPESIMULATION<\/span><\/a><\/p>\n","protected":false},"featured_media":7112,"template":"","meta":{"neve_meta_sidebar":"","neve_meta_container":"","neve_meta_enable_content_width":"off","neve_meta_content_width":100,"neve_meta_title_alignment":"","neve_meta_author_avatar":"","neve_post_elements_order":"","neve_meta_disable_header":"","neve_meta_disable_footer":"","neve_meta_disable_title":""},"product_brand":[],"product_cat":[255,307],"product_tag":[],"class_list":{"0":"post-7127","1":"product","2":"type-product","3":"status-publish","4":"has-post-thumbnail","6":"product_cat-helicoptero-airbus-pt-br","7":"product_cat-modulo-plug-and-play-com-estrutura","8":"product_shipping_class-ped","10":"first","11":"instock","12":"featured","13":"shipping-taxable","14":"purchasable","15":"product-type-simple"},"_links":{"self":[{"href":"https:\/\/electronic-system-cockpit.fr\/pt-br\/wp-json\/wp\/v2\/product\/7127","targetHints":{"allow":["GET"]}}],"collection":[{"href":"https:\/\/electronic-system-cockpit.fr\/pt-br\/wp-json\/wp\/v2\/product"}],"about":[{"href":"https:\/\/electronic-system-cockpit.fr\/pt-br\/wp-json\/wp\/v2\/types\/product"}],"wp:featuredmedia":[{"embeddable":true,"href":"https:\/\/electronic-system-cockpit.fr\/pt-br\/wp-json\/wp\/v2\/media\/7112"}],"wp:attachment":[{"href":"https:\/\/electronic-system-cockpit.fr\/pt-br\/wp-json\/wp\/v2\/media?parent=7127"}],"wp:term":[{"taxonomy":"product_brand","embeddable":true,"href":"https:\/\/electronic-system-cockpit.fr\/pt-br\/wp-json\/wp\/v2\/product_brand?post=7127"},{"taxonomy":"product_cat","embeddable":true,"href":"https:\/\/electronic-system-cockpit.fr\/pt-br\/wp-json\/wp\/v2\/product_cat?post=7127"},{"taxonomy":"product_tag","embeddable":true,"href":"https:\/\/electronic-system-cockpit.fr\/pt-br\/wp-json\/wp\/v2\/product_tag?post=7127"}],"curies":[{"name":"wp","href":"https:\/\/api.w.org\/{rel}","templated":true}]}}