{"id":7192,"date":"2024-07-24T17:00:57","date_gmt":"2024-07-24T15:00:57","guid":{"rendered":"https:\/\/electronic-system-cockpit.fr\/produit\/mip-glareshield-h145-plug-and-play-hypesimulation\/"},"modified":"2025-12-10T22:43:12","modified_gmt":"2025-12-10T21:43:12","slug":"mip-glareshield-h145-plug-and-play-hypesimulation","status":"publish","type":"product","link":"https:\/\/electronic-system-cockpit.fr\/pt-br\/boutique\/mip-glareshield-h145-plug-and-play-hypesimulation\/","title":{"rendered":"Mip Glareshield H145 Plug and play Hypesimulation"},"content":{"rendered":"<p>MIP completo H145<\/p>\n<p>Estrutura de alum\u00ednio<\/p>\n<p>inclui os seguintes m\u00f3dulos:<\/p>\n<p>MFD x3<\/p>\n<p>UNIDADE DE ADVERT\u00caNCIA<\/p>\n<p>IESI<\/p>\n<p>PAINEL DE ENGENHARIA<\/p>\n<p>BUSE DECORATIVO x2<\/p>\n<p>INDICADORES MONTADOS 6 PACOTES<\/p>\n<p>Sinal CALL personaliz\u00e1vel sob encomenda<\/p>\n<p>A TELA LARGA DE 29 POLEGADAS inclui<\/p>\n<p>Placa-m\u00e3e inclu\u00edda<\/p>\n<p>Cabo HDMI inclu\u00eddo<\/p>\n<p>Cabo USB inclu\u00eddo<\/p>\n<p>Fonte de alimenta\u00e7\u00e3o inclu\u00edda<\/p>\n<p>Funciona com o mobiflight<\/p>\n<p>Plug and play no Hypesimulation H145 e MSFS<\/p>\n<p>Tempo de produ\u00e7\u00e3o: 5 a 6 semanas.<\/p>\n<p>O c\u00f3digo mobiflight ser\u00e1 enviado a voc\u00ea por e-mail quando fizer o pedido.<\/p>\n","protected":false},"excerpt":{"rendered":"<p>MIP completo H145 Estrutura de alum\u00ednio inclui os seguintes m\u00f3dulos: MFD x3 UNIDADE DE ADVERT\u00caNCIA IESI PAINEL DE ENGENHARIA BUSE DECORATIVO x2 INDICADORES MONTADOS 6 PACOTES Sinal CALL personaliz\u00e1vel sob encomenda A TELA LARGA DE 29 POLEGADAS inclui Placa-m\u00e3e inclu\u00edda Cabo HDMI inclu\u00eddo Cabo USB inclu\u00eddo Fonte de alimenta\u00e7\u00e3o inclu\u00edda Funciona com o mobiflight Plug&hellip;&nbsp;<a href=\"https:\/\/electronic-system-cockpit.fr\/pt-br\/boutique\/mip-glareshield-h145-plug-and-play-hypesimulation\/\" rel=\"bookmark\">Continue a ler &raquo;<span class=\"screen-reader-text\">Mip Glareshield H145 Plug and play Hypesimulation<\/span><\/a><\/p>\n","protected":false},"featured_media":7164,"template":"","meta":{"neve_meta_sidebar":"","neve_meta_container":"","neve_meta_enable_content_width":"off","neve_meta_content_width":100,"neve_meta_title_alignment":"","neve_meta_author_avatar":"","neve_post_elements_order":"","neve_meta_disable_header":"","neve_meta_disable_footer":"","neve_meta_disable_title":""},"product_brand":[],"product_cat":[255,307],"product_tag":[],"class_list":{"0":"post-7192","1":"product","2":"type-product","3":"status-publish","4":"has-post-thumbnail","6":"product_cat-helicoptero-airbus-pt-br","7":"product_cat-modulo-plug-and-play-com-estrutura","8":"product_shipping_class-mip","10":"first","11":"instock","12":"featured","13":"shipping-taxable","14":"purchasable","15":"product-type-simple"},"_links":{"self":[{"href":"https:\/\/electronic-system-cockpit.fr\/pt-br\/wp-json\/wp\/v2\/product\/7192","targetHints":{"allow":["GET"]}}],"collection":[{"href":"https:\/\/electronic-system-cockpit.fr\/pt-br\/wp-json\/wp\/v2\/product"}],"about":[{"href":"https:\/\/electronic-system-cockpit.fr\/pt-br\/wp-json\/wp\/v2\/types\/product"}],"wp:featuredmedia":[{"embeddable":true,"href":"https:\/\/electronic-system-cockpit.fr\/pt-br\/wp-json\/wp\/v2\/media\/7164"}],"wp:attachment":[{"href":"https:\/\/electronic-system-cockpit.fr\/pt-br\/wp-json\/wp\/v2\/media?parent=7192"}],"wp:term":[{"taxonomy":"product_brand","embeddable":true,"href":"https:\/\/electronic-system-cockpit.fr\/pt-br\/wp-json\/wp\/v2\/product_brand?post=7192"},{"taxonomy":"product_cat","embeddable":true,"href":"https:\/\/electronic-system-cockpit.fr\/pt-br\/wp-json\/wp\/v2\/product_cat?post=7192"},{"taxonomy":"product_tag","embeddable":true,"href":"https:\/\/electronic-system-cockpit.fr\/pt-br\/wp-json\/wp\/v2\/product_tag?post=7192"}],"curies":[{"name":"wp","href":"https:\/\/api.w.org\/{rel}","templated":true}]}}