{"id":8678,"date":"2025-11-22T11:31:18","date_gmt":"2025-11-22T10:31:18","guid":{"rendered":"https:\/\/electronic-system-cockpit.fr\/boutique\/h145-essential-plug-and-play-com-hype\/"},"modified":"2025-11-22T11:34:34","modified_gmt":"2025-11-22T10:34:34","slug":"h145-essential-plug-and-play-com-hype","status":"publish","type":"product","link":"https:\/\/electronic-system-cockpit.fr\/pt-br\/boutique\/h145-essential-plug-and-play-com-hype\/","title":{"rendered":"H145 ESSENTIAL plug and play com HYPE"},"content":{"rendered":"<p>M\u00f3dulo essencial do H145<\/p>\n<p>Mini OVHD<\/p>\n<p>Painel ENG START<\/p>\n<p>APCP completo<\/p>\n<p>Suporte de ajuste de inclina\u00e7\u00e3o inclu\u00eddo<\/p>\n<p>Cabo USB inclu\u00eddo<\/p>\n<p>&nbsp;<\/p>\n<p>Funciona com o mobiflight<\/p>\n<p>Plug and play no Hypesimulation H145 e MSFS<\/p>\n<p>Tempo de produ\u00e7\u00e3o: 1 a 2 semanas.<\/p>\n<p>O c\u00f3digo mobiflight ser\u00e1 enviado a voc\u00ea por e-mail quando fizer o pedido.<\/p>\n","protected":false},"excerpt":{"rendered":"<p>M\u00f3dulo essencial do H145 Mini OVHD Painel ENG START APCP completo Suporte de ajuste de inclina\u00e7\u00e3o inclu\u00eddo Cabo USB inclu\u00eddo &nbsp; Funciona com o mobiflight Plug and play no Hypesimulation H145 e MSFS Tempo de produ\u00e7\u00e3o: 1 a 2 semanas. O c\u00f3digo mobiflight ser\u00e1 enviado a voc\u00ea por e-mail quando fizer o pedido.<\/p>\n","protected":false},"featured_media":8680,"template":"","meta":{"neve_meta_sidebar":"","neve_meta_container":"","neve_meta_enable_content_width":"off","neve_meta_content_width":100,"neve_meta_title_alignment":"","neve_meta_author_avatar":"","neve_post_elements_order":"","neve_meta_disable_header":"","neve_meta_disable_footer":"","neve_meta_disable_title":""},"product_brand":[],"product_cat":[255,307],"product_tag":[],"class_list":{"0":"post-8678","1":"product","2":"type-product","3":"status-publish","4":"has-post-thumbnail","6":"product_cat-helicoptero-airbus-pt-br","7":"product_cat-modulo-plug-and-play-com-estrutura","9":"first","10":"instock","11":"featured","12":"shipping-taxable","13":"purchasable","14":"product-type-simple"},"_links":{"self":[{"href":"https:\/\/electronic-system-cockpit.fr\/pt-br\/wp-json\/wp\/v2\/product\/8678","targetHints":{"allow":["GET"]}}],"collection":[{"href":"https:\/\/electronic-system-cockpit.fr\/pt-br\/wp-json\/wp\/v2\/product"}],"about":[{"href":"https:\/\/electronic-system-cockpit.fr\/pt-br\/wp-json\/wp\/v2\/types\/product"}],"wp:featuredmedia":[{"embeddable":true,"href":"https:\/\/electronic-system-cockpit.fr\/pt-br\/wp-json\/wp\/v2\/media\/8680"}],"wp:attachment":[{"href":"https:\/\/electronic-system-cockpit.fr\/pt-br\/wp-json\/wp\/v2\/media?parent=8678"}],"wp:term":[{"taxonomy":"product_brand","embeddable":true,"href":"https:\/\/electronic-system-cockpit.fr\/pt-br\/wp-json\/wp\/v2\/product_brand?post=8678"},{"taxonomy":"product_cat","embeddable":true,"href":"https:\/\/electronic-system-cockpit.fr\/pt-br\/wp-json\/wp\/v2\/product_cat?post=8678"},{"taxonomy":"product_tag","embeddable":true,"href":"https:\/\/electronic-system-cockpit.fr\/pt-br\/wp-json\/wp\/v2\/product_tag?post=8678"}],"curies":[{"name":"wp","href":"https:\/\/api.w.org\/{rel}","templated":true}]}}