{"id":5637,"date":"2022-10-25T12:14:36","date_gmt":"2022-10-25T12:14:36","guid":{"rendered":"https:\/\/electronic-system-cockpit.fr\/informacao-juridica\/"},"modified":"2024-06-12T16:13:18","modified_gmt":"2024-06-12T16:13:18","slug":"informacao-juridica","status":"publish","type":"page","link":"https:\/\/electronic-system-cockpit.fr\/pt-pt\/informacao-juridica\/","title":{"rendered":"Informa\u00e7\u00e3o jur\u00eddica"},"content":{"rendered":"\n<p class=\"has-text-align-center\">Nome da empresa: Greg HAMEL &#8211; ESC<br\/>Sede social: 3 impasse carr\u00e9e<br\/>27930 SAINT-LUC<br\/>Fran\u00e7a  <\/p>\n\n<p class=\"has-text-align-center\">Tel: 07 66 48 58 93 contact@electronic-system-cockpit.fr<\/p>\n\n<p class=\"has-text-align-center\">RCS Evreux: 920239837<\/p>\n\n<p class=\"has-text-align-center\">APE 2612Z<\/p>\n\n<p><\/p>\n\n<p class=\"has-text-align-center\" id=\"infoclient\">Diretor da publica\u00e7\u00e3o: Greg HAMEL<\/p>\n\n<p class=\"has-text-align-center\" id=\"hebergeur\">Anfitri\u00e3o : IONOS  <br\/>Nome da empresa: 1&amp;1 Internet SARL<br\/>Sede social: 7 place de la gare &#8211; BP 70109<br\/>57201 Sarreguemines Cedex<br\/>RCS. de Sarreguemines: B 431 303 775  <\/p>\n\n<p class=\"has-text-align-center\">Este s\u00edtio \u00e9 propriedade do ESC, situado em 3 impasse carr\u00e9e 27930 SAINT-LUC.<\/p>\n\n<h3 class=\"wp-block-heading has-text-align-center\">1 &#8211; Condi\u00e7\u00f5es de utiliza\u00e7\u00e3o do s\u00edtio<\/h3>\n\n<p class=\"has-text-align-center\">A ESC presta os seus servi\u00e7os sob reserva do acordo do utilizador em respeitar as presentes condi\u00e7\u00f5es de utiliza\u00e7\u00e3o, que a ESC pode alterar em qualquer altura.<\/p>\n\n<h3 class=\"wp-block-heading has-text-align-center\">2 &#8211; Propriedade intelectual<\/h3>\n\n<p class=\"has-text-align-center\">Em conformidade com as leis que regem a propriedade intelectual, \u00e9 estritamente proibida a reprodu\u00e7\u00e3o ou a utiliza\u00e7\u00e3o, total ou parcial, dos elementos presentes neste s\u00edtio Web. Apenas se mant\u00eam as excep\u00e7\u00f5es legais, nomeadamente a execu\u00e7\u00e3o no c\u00edrculo familiar, a c\u00f3pia privada e o direito de cita\u00e7\u00e3o curta.<\/p>\n\n<p class=\"has-text-align-center\">Todos os textos, fotografias, log\u00f3tipos, marcas e outros elementos reproduzidos neste s\u00edtio s\u00e3o reservados e protegidos pelo direito de propriedade intelectual. (direitos de autor, direitos conexos, direito das marcas, etc.).<\/p>\n\n<p class=\"has-text-align-center\">Qualquer representa\u00e7\u00e3o total ou parcial deste s\u00edtio Web, seja por que meio for, sem a autoriza\u00e7\u00e3o expressa do operador do s\u00edtio Web, \u00e9 proibida e constitui uma infra\u00e7\u00e3o pun\u00edvel pelos artigos L 335-2 e seguintes do C\u00f3digo da Propriedade Intelectual.<\/p>\n\n<p class=\"has-text-align-center\">O mesmo se aplica \u00e0s bases de dados que figuram no s\u00edtio Web, que s\u00e3o protegidas pelas disposi\u00e7\u00f5es da lei de 11 de julho de 1998 que transp\u00f5e para o C\u00f3digo da Propriedade Intelectual a diretiva europeia de 11 de mar\u00e7o de 1996 relativa \u00e0 prote\u00e7\u00e3o jur\u00eddica das bases de dados.<\/p>\n\n<h3 class=\"wp-block-heading has-text-align-center\">3 &#8211; Dados pessoais<\/h3>\n\n<p class=\"has-text-align-center\">A ESC compromete-se a manter a confidencialidade dos dados pessoais fornecidos pelo utilizador do s\u00edtio e a n\u00e3o os transferir para outras empresas ou organiza\u00e7\u00f5es. ESC compromete-se a garantir a qualquer pessoa que o solicite o direito de acesso, retifica\u00e7\u00e3o e supress\u00e3o dos dados que lhe digam respeito.<\/p>\n\n<h3 class=\"wp-block-heading has-text-align-center\">4 &#8211; Responsabilidade<\/h3>\n\n<p class=\"has-text-align-center\">A ESC declina toda a responsabilidade por quaisquer dificuldades encontradas no acesso ao seu s\u00edtio ou por qualquer falha de comunica\u00e7\u00e3o.<\/p>\n\n<p class=\"has-text-align-center\">A ESC reserva-se o direito de modificar, interromper tempor\u00e1ria ou permanentemente a totalidade ou parte do s\u00edtio sem aviso pr\u00e9vio. A ESC n\u00e3o pode, em circunst\u00e2ncia alguma, ser responsabilizada perante o utilizador ou terceiros por qualquer modifica\u00e7\u00e3o, interrup\u00e7\u00e3o ou suspens\u00e3o do s\u00edtio.<\/p>\n\n<h3 class=\"wp-block-heading has-text-align-center\">5 &#8211; Liga\u00e7\u00f5es de hipertexto<\/h3>\n\n<p class=\"has-text-align-center\">\u00c9 livre de estabelecer liga\u00e7\u00f5es para este s\u00edtio, desde que n\u00e3o prejudiquem a imagem do seu editor. O utilizador est\u00e1 autorizado a criar liga\u00e7\u00f5es para as p\u00e1ginas do s\u00edtio nos seguintes formatos: html, php, xml.<\/p>\n\n<p class=\"has-text-align-center\">\u00c9 proibida a pr\u00e1tica do enquadramento, bem como qualquer outra pr\u00e1tica ou t\u00e9cnica suscet\u00edvel de causar confus\u00e3o no esp\u00edrito do p\u00fablico.<\/p>\n\n<p class=\"has-text-align-center\">S\u00e3o proibidas as liga\u00e7\u00f5es directas a documentos em formato pdf, doc ou rtf. Este tipo de documento n\u00e3o permite a leitura das presentes condi\u00e7\u00f5es de utiliza\u00e7\u00e3o.<\/p>\n\n<p class=\"has-text-align-center\">A ESC n\u00e3o \u00e9 de modo algum respons\u00e1vel pelo conte\u00fado dos s\u00edtios Web acess\u00edveis atrav\u00e9s do seu s\u00edtio Web.<\/p>\n\n<p><\/p>\n\n<p class=\"has-text-align-center has-medium-font-size\"><strong>6 &#8211; Encomenda &#8211; Entrega &#8211; Garantia<\/strong><\/p>\n\n<div class=\"wp-block-group is-vertical is-layout-flex wp-container-core-group-is-layout-8cf370e7 wp-block-group-is-layout-flex\">\n<div class=\"wp-block-group\"><div class=\"wp-block-group__inner-container is-layout-constrained wp-block-group-is-layout-constrained\">\n<p>O prazo de ENTREGA indicado aquando da encomenda tem um car\u00e1cter meramente informativo e n\u00e3o \u00e9 de modo algum garantido. Por conseguinte, qualquer atraso na disponibilidade dos produtos n\u00e3o d\u00e1 origem a qualquer reclama\u00e7\u00e3o por parte do CLIENTE:<\/p>\n\n\n\n<ul class=\"wp-block-list\">\n<li>a concess\u00e3o de indemniza\u00e7\u00f5es;<\/li>\n\n\n\n<li>atribui\u00e7\u00e3o de san\u00e7\u00f5es ;<\/li>\n<\/ul>\n\n\n\n<p>\u00c9 da responsabilidade do CLIENTE verificar as mercadorias entregues logo ap\u00f3s a sua entrega.<\/p>\n\n\n\n<p>Em caso de mercadoria em falta ou danificada ou de n\u00e3o conformidade aparente, o CLIENTE deve fazer todas as reservas necess\u00e1rias na guia de remessa aquando da rece\u00e7\u00e3o da referida mercadoria. Estas reservas devem igualmente ser confirmadas por escrito no prazo de cinco dias \u00fateis ap\u00f3s a ENTREGA, por correio registado com aviso de rece\u00e7\u00e3o. Caso contr\u00e1rio, considera-se que o CLIENTE aceitou os bens sem reservas. O CLIENTE deve justificar plenamente a realidade dos defeitos observados, reservando-se o VENDEDOR o direito de efetuar, direta ou indiretamente, todas as observa\u00e7\u00f5es e verifica\u00e7\u00f5es no local. A devolu\u00e7\u00e3o de PRODUTOS n\u00e3o conformes est\u00e1 sujeita \u00e0 aceita\u00e7\u00e3o pr\u00e9via do VENDEDOR. Caso contr\u00e1rio, considera-se que o CLIENTE aceitou os PRODUTOS sem reservas. Ap\u00f3s este pedido, o CLIENTE disp\u00f5e de dez dias \u00fateis para devolver as pe\u00e7as ao VENDEDOR, na sua embalagem original e no seu estado original.  <\/p>\n\n\n\n<p>Se o CLIENTE desejar devolver PRODUTOS, pode fazer um pedido por correio eletr\u00f3nico no prazo de catorze dias de calend\u00e1rio a contar da data de rece\u00e7\u00e3o da sua ENCOMENDA. Ap\u00f3s o seu pedido, o CLIENTE disp\u00f5e de dez dias \u00fateis para devolver as pe\u00e7as ao VENDEDOR. As pe\u00e7as devem ser apresentadas na sua embalagem de origem e no seu estado original, reservando-se o VENDEDOR o direito de efetuar, direta ou indiretamente, quaisquer observa\u00e7\u00f5es e verifica\u00e7\u00f5es no local. Neste caso, o custo da devolu\u00e7\u00e3o da mercadoria ser\u00e1 suportado pelo CLIENTE.<\/p>\n\n\n\n<p>Cada produto tem uma garantia de dois anos a partir da data de rece\u00e7\u00e3o.<\/p>\n<\/div><\/div>\n<\/div>\n\n<p class=\"has-text-align-center\"><\/p>\n\n<p class=\"has-text-align-center\">Desfrute da sua visita.<\/p>\n\n<p class=\"has-text-align-center\">P\u00e1gina actualizada em 10\/03\/2024.<\/p>\n","protected":false},"excerpt":{"rendered":"<p>Nome da empresa: Greg HAMEL &#8211; ESCSede social: 3 impasse carr\u00e9e27930 SAINT-LUCFran\u00e7a Tel: 07 66 48 58 93 contact@electronic-system-cockpit.fr RCS Evreux: 920239837 APE 2612Z Diretor da publica\u00e7\u00e3o: Greg HAMEL Anfitri\u00e3o : IONOS Nome da empresa: 1&amp;1 Internet SARLSede social: 7 place de la gare &#8211; BP 7010957201 Sarreguemines CedexRCS. de Sarreguemines: B 431 303 775&hellip;&nbsp;<a href=\"https:\/\/electronic-system-cockpit.fr\/pt-pt\/informacao-juridica\/\" rel=\"bookmark\">L\u00ea mais &raquo;<span class=\"screen-reader-text\">Informa\u00e7\u00e3o jur\u00eddica<\/span><\/a><\/p>\n","protected":false},"author":1,"featured_media":0,"parent":0,"menu_order":0,"comment_status":"closed","ping_status":"closed","template":"","meta":{"neve_meta_sidebar":"","neve_meta_container":"","neve_meta_enable_content_width":"","neve_meta_content_width":0,"neve_meta_title_alignment":"","neve_meta_author_avatar":"","neve_post_elements_order":"","neve_meta_disable_header":"","neve_meta_disable_footer":"","neve_meta_disable_title":"","footnotes":""},"class_list":["post-5637","page","type-page","status-publish","hentry"],"_links":{"self":[{"href":"https:\/\/electronic-system-cockpit.fr\/pt-pt\/wp-json\/wp\/v2\/pages\/5637","targetHints":{"allow":["GET"]}}],"collection":[{"href":"https:\/\/electronic-system-cockpit.fr\/pt-pt\/wp-json\/wp\/v2\/pages"}],"about":[{"href":"https:\/\/electronic-system-cockpit.fr\/pt-pt\/wp-json\/wp\/v2\/types\/page"}],"author":[{"embeddable":true,"href":"https:\/\/electronic-system-cockpit.fr\/pt-pt\/wp-json\/wp\/v2\/users\/1"}],"replies":[{"embeddable":true,"href":"https:\/\/electronic-system-cockpit.fr\/pt-pt\/wp-json\/wp\/v2\/comments?post=5637"}],"version-history":[{"count":0,"href":"https:\/\/electronic-system-cockpit.fr\/pt-pt\/wp-json\/wp\/v2\/pages\/5637\/revisions"}],"wp:attachment":[{"href":"https:\/\/electronic-system-cockpit.fr\/pt-pt\/wp-json\/wp\/v2\/media?parent=5637"}],"curies":[{"name":"wp","href":"https:\/\/api.w.org\/{rel}","templated":true}]}}