{"id":5639,"date":"2022-12-18T05:58:03","date_gmt":"2022-12-18T05:58:03","guid":{"rendered":"https:\/\/electronic-system-cockpit.fr\/produit\/cartao-alargado-v1-arduino-para-mobiflight\/"},"modified":"2025-07-18T17:33:55","modified_gmt":"2025-07-18T15:33:55","slug":"extended-card-arduino-for-mobiflight","status":"publish","type":"product","link":"https:\/\/electronic-system-cockpit.fr\/pt-pt\/boutique\/extended-card-arduino-for-mobiflight\/","title":{"rendered":"Cart\u00e3o alargado V1 arduino para Mobiflight"},"content":{"rendered":"<p>Placa de extens\u00e3o para Arduino e Mobiflight<\/p>\n<p>Arduino mega r3 n\u00e3o inclu\u00eddo<\/p>\n<p>Permite-te gerir os seguintes elementos:<\/p>\n<p>32 entradas<\/p>\n<p>32 sa\u00eddas de resist\u00eancia integradas (250ohms)<\/p>\n<p>16 codificadores<\/p>\n<p>5 sa\u00eddas servo<\/p>\n<p>1 sa\u00edda de motor de passo<\/p>\n<p>9 entradas anal\u00f3gicas com potenci\u00f3metros<\/p>\n<p>1 sa\u00edda de luz de fundo PWM de 5 volts<\/p>\n<p>3 sa\u00eddas max7219 Visor de 7 segmentos (24 d\u00edgitos no total)<\/p>\n<p>Terminais de terra comuns (GND)<\/p>\n<p>Bloco de terminais de liga\u00e7\u00e3o r\u00e1pida<\/p>\n<p><img loading=\"lazy\" decoding=\"async\" class=\"alignnone size-medium wp-image-5073\" src=\"https:\/\/electronic-system-cockpit.fr\/wp-content\/uploads\/2022\/12\/demo-2-300x135.jpg\" alt=\"\" width=\"300\" height=\"135\" srcset=\"https:\/\/electronic-system-cockpit.fr\/wp-content\/uploads\/2022\/12\/demo-2-300x135.jpg 300w, https:\/\/electronic-system-cockpit.fr\/wp-content\/uploads\/2022\/12\/demo-2-1024x460.jpg 1024w, https:\/\/electronic-system-cockpit.fr\/wp-content\/uploads\/2022\/12\/demo-2-768x345.jpg 768w, https:\/\/electronic-system-cockpit.fr\/wp-content\/uploads\/2022\/12\/demo-2-1536x690.jpg 1536w, https:\/\/electronic-system-cockpit.fr\/wp-content\/uploads\/2022\/12\/demo-2-2048x920.jpg 2048w, https:\/\/electronic-system-cockpit.fr\/wp-content\/uploads\/2022\/12\/demo-2-700x314.jpg 700w\" sizes=\"auto, (max-width: 300px) 100vw, 300px\" \/><\/p>\n<p><a href=\"https:\/\/electronic-system-cockpit.fr\/wp-content\/uploads\/2023\/10\/ESC-EXTENDED-CARD.zip\">FICHA T\u00c9CNICA<\/a><\/p>\n<p>&nbsp;<\/p>\n<p>&nbsp;<\/p>\n<p>&nbsp;<\/p>\n","protected":false},"excerpt":{"rendered":"<p>Placa de extens\u00e3o para Arduino e Mobiflight Arduino mega r3 n\u00e3o inclu\u00eddo Permite-te gerir os seguintes elementos: 32 entradas 32 sa\u00eddas de resist\u00eancia integradas (250ohms) 16 codificadores 5 sa\u00eddas servo 1 sa\u00edda de motor de passo 9 entradas anal\u00f3gicas com potenci\u00f3metros 1 sa\u00edda de luz de fundo PWM de 5 volts 3 sa\u00eddas max7219 Visor&hellip;&nbsp;<a href=\"https:\/\/electronic-system-cockpit.fr\/pt-pt\/boutique\/extended-card-arduino-for-mobiflight\/\" rel=\"bookmark\">L\u00ea mais &raquo;<span class=\"screen-reader-text\">Cart\u00e3o alargado V1 arduino para Mobiflight<\/span><\/a><\/p>\n","protected":false},"featured_media":5642,"template":"","meta":{"neve_meta_sidebar":"","neve_meta_container":"","neve_meta_enable_content_width":"off","neve_meta_content_width":100,"neve_meta_title_alignment":"","neve_meta_author_avatar":"","neve_post_elements_order":"","neve_meta_disable_header":"","neve_meta_disable_footer":"","neve_meta_disable_title":""},"product_brand":[],"product_cat":[236],"product_tag":[],"class_list":{"0":"post-5639","1":"product","2":"type-product","3":"status-publish","4":"has-post-thumbnail","6":"product_cat-arduino-pt-pt","8":"first","9":"instock","10":"purchasable","11":"product-type-simple"},"_links":{"self":[{"href":"https:\/\/electronic-system-cockpit.fr\/pt-pt\/wp-json\/wp\/v2\/product\/5639","targetHints":{"allow":["GET"]}}],"collection":[{"href":"https:\/\/electronic-system-cockpit.fr\/pt-pt\/wp-json\/wp\/v2\/product"}],"about":[{"href":"https:\/\/electronic-system-cockpit.fr\/pt-pt\/wp-json\/wp\/v2\/types\/product"}],"wp:featuredmedia":[{"embeddable":true,"href":"https:\/\/electronic-system-cockpit.fr\/pt-pt\/wp-json\/wp\/v2\/media\/5642"}],"wp:attachment":[{"href":"https:\/\/electronic-system-cockpit.fr\/pt-pt\/wp-json\/wp\/v2\/media?parent=5639"}],"wp:term":[{"taxonomy":"product_brand","embeddable":true,"href":"https:\/\/electronic-system-cockpit.fr\/pt-pt\/wp-json\/wp\/v2\/product_brand?post=5639"},{"taxonomy":"product_cat","embeddable":true,"href":"https:\/\/electronic-system-cockpit.fr\/pt-pt\/wp-json\/wp\/v2\/product_cat?post=5639"},{"taxonomy":"product_tag","embeddable":true,"href":"https:\/\/electronic-system-cockpit.fr\/pt-pt\/wp-json\/wp\/v2\/product_tag?post=5639"}],"curies":[{"name":"wp","href":"https:\/\/api.w.org\/{rel}","templated":true}]}}