{"id":5678,"date":"2022-12-18T07:21:57","date_gmt":"2022-12-18T06:21:57","guid":{"rendered":"https:\/\/electronic-system-cockpit.fr\/produit\/placa-mcdu-do-a320\/"},"modified":"2024-06-18T14:22:15","modified_gmt":"2024-06-18T14:22:15","slug":"placa-mcdu-do-a320","status":"publish","type":"product","link":"https:\/\/electronic-system-cockpit.fr\/pt-pt\/boutique\/placa-mcdu-do-a320\/","title":{"rendered":"Placa MCDU do A320"},"content":{"rendered":"<p>Cart\u00e3o de interface A320 MCDU<\/p>\n<p>Permite o funcionamento de ambas as MCDUs <a href=\"http:\/\/www.homecockpits.fr\">Homecockpits.co.uk<\/a><\/p>\n<p>Totalmente programado e pronto a utilizar com uma escolha de :<\/p>\n<p><strong>PROSIM-AR<\/strong> <strong>A322<\/strong><\/p>\n<p>ou <strong>JEEHELL FMGS A320<\/strong><\/p>\n<p><strong>ou FLIGHTFACTOR A320<\/strong>.<\/p>\n<p>contacta-nos para escolheres o teu programa.<\/p>\n<p>&nbsp;<\/p>\n<p>fonte de alimenta\u00e7\u00e3o e cabo Ethernet inclu\u00eddos<\/p>\n<div class=\"QmZWSe\">\n<div class=\"DHcWmd\"><\/div>\n<\/div>\n","protected":false},"excerpt":{"rendered":"<p>Cart\u00e3o de interface A320 MCDU Permite o funcionamento de ambas as MCDUs Homecockpits.co.uk Totalmente programado e pronto a utilizar com uma escolha de : PROSIM-AR A322 ou JEEHELL FMGS A320 ou FLIGHTFACTOR A320. contacta-nos para escolheres o teu programa. &nbsp; fonte de alimenta\u00e7\u00e3o e cabo Ethernet inclu\u00eddos<\/p>\n","protected":false},"featured_media":7900,"template":"","meta":{"neve_meta_sidebar":"","neve_meta_container":"","neve_meta_enable_content_width":"off","neve_meta_content_width":100,"neve_meta_title_alignment":"","neve_meta_author_avatar":"","neve_post_elements_order":"","neve_meta_disable_header":"","neve_meta_disable_footer":"","neve_meta_disable_title":""},"product_brand":[],"product_cat":[242,241],"product_tag":[],"class_list":{"0":"post-5678","1":"product","2":"type-product","3":"status-publish","4":"has-post-thumbnail","6":"product_cat-airbus-a320-pt-pt","7":"product_cat-carte-mere-pt-pt","9":"first","10":"instock","11":"purchasable","12":"product-type-simple"},"_links":{"self":[{"href":"https:\/\/electronic-system-cockpit.fr\/pt-pt\/wp-json\/wp\/v2\/product\/5678","targetHints":{"allow":["GET"]}}],"collection":[{"href":"https:\/\/electronic-system-cockpit.fr\/pt-pt\/wp-json\/wp\/v2\/product"}],"about":[{"href":"https:\/\/electronic-system-cockpit.fr\/pt-pt\/wp-json\/wp\/v2\/types\/product"}],"wp:featuredmedia":[{"embeddable":true,"href":"https:\/\/electronic-system-cockpit.fr\/pt-pt\/wp-json\/wp\/v2\/media\/7900"}],"wp:attachment":[{"href":"https:\/\/electronic-system-cockpit.fr\/pt-pt\/wp-json\/wp\/v2\/media?parent=5678"}],"wp:term":[{"taxonomy":"product_brand","embeddable":true,"href":"https:\/\/electronic-system-cockpit.fr\/pt-pt\/wp-json\/wp\/v2\/product_brand?post=5678"},{"taxonomy":"product_cat","embeddable":true,"href":"https:\/\/electronic-system-cockpit.fr\/pt-pt\/wp-json\/wp\/v2\/product_cat?post=5678"},{"taxonomy":"product_tag","embeddable":true,"href":"https:\/\/electronic-system-cockpit.fr\/pt-pt\/wp-json\/wp\/v2\/product_tag?post=5678"}],"curies":[{"name":"wp","href":"https:\/\/api.w.org\/{rel}","templated":true}]}}