{"id":5692,"date":"2022-12-18T07:15:46","date_gmt":"2022-12-18T06:15:46","guid":{"rendered":"https:\/\/electronic-system-cockpit.fr\/produit\/cartao-a320-mip\/"},"modified":"2024-06-18T14:23:47","modified_gmt":"2024-06-18T14:23:47","slug":"cartao-a320-mip","status":"publish","type":"product","link":"https:\/\/electronic-system-cockpit.fr\/pt-pt\/boutique\/cartao-a320-mip\/","title":{"rendered":"Cart\u00e3o A320 MIP"},"content":{"rendered":"<p>Cart\u00e3o de interface MIP A320<\/p>\n<p><img loading=\"lazy\" decoding=\"async\" class=\"alignnone size-medium wp-image-5246\" src=\"https:\/\/electronic-system-cockpit.fr\/wp-content\/uploads\/2022\/12\/mip-a320-300x74.jpg\" alt=\"\" width=\"300\" height=\"74\" srcset=\"https:\/\/electronic-system-cockpit.fr\/wp-content\/uploads\/2022\/12\/mip-a320-300x74.jpg 300w, https:\/\/electronic-system-cockpit.fr\/wp-content\/uploads\/2022\/12\/mip-a320-1024x251.jpg 1024w, https:\/\/electronic-system-cockpit.fr\/wp-content\/uploads\/2022\/12\/mip-a320-768x188.jpg 768w, https:\/\/electronic-system-cockpit.fr\/wp-content\/uploads\/2022\/12\/mip-a320-700x172.jpg 700w, https:\/\/electronic-system-cockpit.fr\/wp-content\/uploads\/2022\/12\/mip-a320.jpg 1345w\" sizes=\"auto, (max-width: 300px) 100vw, 300px\" \/><\/p>\n<p>fonte de alimenta\u00e7\u00e3o e cabo Ethernet inclu\u00eddos<\/p>\n<p>Permite a liga\u00e7\u00e3o em interface do Mip A320<\/p>\n<p>inclui gest\u00e3o da retroilumina\u00e7\u00e3o de 5 volts<\/p>\n<p>todas as sa\u00eddas de LED, d\u00edgitos&#8230;.<\/p>\n<p>todas as entradas para bot\u00f5es, rotores, codificadores, potenci\u00f3metros, etc.<\/p>\n<p>ideal para a produ\u00e7\u00e3o caseira ou compat\u00edvel com os m\u00f3dulos <a href=\"http:\/\/www.homecockpits.fr\">Homecockpits.fr <\/a> <\/p>\n<p>Totalmente programado e pronto a utilizar com uma escolha de :<\/p>\n<p><strong>PROSIM-AR<\/strong> <strong>A322<\/strong><\/p>\n<p>ou <strong>JEEHELL FMGS A320<\/strong><\/p>\n<p><strong>ou FLIGHTFACTOR A320<\/strong>.<\/p>\n<p>contacta-nos para escolheres o teu programa.<\/p>\n<p><a href=\"https:\/\/electronic-system-cockpit.fr\/wp-content\/uploads\/2023\/10\/MIP.zip\">FICHA T\u00c9CNICA diagrama de cablagem<\/a><\/p>\n<p>&nbsp;<\/p>\n<div class=\"QmZWSe\">\n<div class=\"DHcWmd\"><\/div>\n<\/div>\n","protected":false},"excerpt":{"rendered":"<p>Cart\u00e3o de interface MIP A320 fonte de alimenta\u00e7\u00e3o e cabo Ethernet inclu\u00eddos Permite a liga\u00e7\u00e3o em interface do Mip A320 inclui gest\u00e3o da retroilumina\u00e7\u00e3o de 5 volts todas as sa\u00eddas de LED, d\u00edgitos&#8230;. todas as entradas para bot\u00f5es, rotores, codificadores, potenci\u00f3metros, etc. ideal para a produ\u00e7\u00e3o caseira ou compat\u00edvel com os m\u00f3dulos Homecockpits.fr Totalmente programado&hellip;&nbsp;<a href=\"https:\/\/electronic-system-cockpit.fr\/pt-pt\/boutique\/cartao-a320-mip\/\" rel=\"bookmark\">L\u00ea mais &raquo;<span class=\"screen-reader-text\">Cart\u00e3o A320 MIP<\/span><\/a><\/p>\n","protected":false},"featured_media":7851,"template":"","meta":{"neve_meta_sidebar":"","neve_meta_container":"","neve_meta_enable_content_width":"off","neve_meta_content_width":100,"neve_meta_title_alignment":"","neve_meta_author_avatar":"","neve_post_elements_order":"","neve_meta_disable_header":"","neve_meta_disable_footer":"","neve_meta_disable_title":""},"product_brand":[],"product_cat":[242,241],"product_tag":[],"class_list":{"0":"post-5692","1":"product","2":"type-product","3":"status-publish","4":"has-post-thumbnail","6":"product_cat-airbus-a320-pt-pt","7":"product_cat-carte-mere-pt-pt","9":"first","10":"instock","11":"purchasable","12":"product-type-simple"},"_links":{"self":[{"href":"https:\/\/electronic-system-cockpit.fr\/pt-pt\/wp-json\/wp\/v2\/product\/5692","targetHints":{"allow":["GET"]}}],"collection":[{"href":"https:\/\/electronic-system-cockpit.fr\/pt-pt\/wp-json\/wp\/v2\/product"}],"about":[{"href":"https:\/\/electronic-system-cockpit.fr\/pt-pt\/wp-json\/wp\/v2\/types\/product"}],"wp:featuredmedia":[{"embeddable":true,"href":"https:\/\/electronic-system-cockpit.fr\/pt-pt\/wp-json\/wp\/v2\/media\/7851"}],"wp:attachment":[{"href":"https:\/\/electronic-system-cockpit.fr\/pt-pt\/wp-json\/wp\/v2\/media?parent=5692"}],"wp:term":[{"taxonomy":"product_brand","embeddable":true,"href":"https:\/\/electronic-system-cockpit.fr\/pt-pt\/wp-json\/wp\/v2\/product_brand?post=5692"},{"taxonomy":"product_cat","embeddable":true,"href":"https:\/\/electronic-system-cockpit.fr\/pt-pt\/wp-json\/wp\/v2\/product_cat?post=5692"},{"taxonomy":"product_tag","embeddable":true,"href":"https:\/\/electronic-system-cockpit.fr\/pt-pt\/wp-json\/wp\/v2\/product_tag?post=5692"}],"curies":[{"name":"wp","href":"https:\/\/api.w.org\/{rel}","templated":true}]}}