{"id":5753,"date":"2023-01-03T10:43:31","date_gmt":"2023-01-03T10:43:31","guid":{"rendered":"https:\/\/electronic-system-cockpit.fr\/produit\/cartao-alargado-128-v2-arduino-mobiflight\/"},"modified":"2025-07-18T17:33:50","modified_gmt":"2025-07-18T15:33:50","slug":"extended-card-arduino-128","status":"publish","type":"product","link":"https:\/\/electronic-system-cockpit.fr\/pt-pt\/boutique\/extended-card-arduino-128\/","title":{"rendered":"Cart\u00e3o alargado 128 V2 Arduino Mobiflight"},"content":{"rendered":"<ol>\n<li>Placa de expans\u00e3o 128 para Arduino e Mobiflight<\/li>\n<\/ol>\n<p>Arduino mega r3 n\u00e3o inclu\u00eddo<\/p>\n<p>Permite-te gerir os seguintes elementos:<\/p>\n<p>128 entradas<\/p>\n<p>128 sa\u00eddas de resist\u00eancia integradas (250ohms)<\/p>\n<p>16 codificadores<\/p>\n<p>5 sa\u00eddas servo<\/p>\n<p>6 entradas anal\u00f3gicas para potenci\u00f3metros<\/p>\n<p>1 sa\u00edda de retroilumina\u00e7\u00e3o PWM<\/p>\n<p>Terminais de terra comuns (GND)<\/p>\n<p>Bloco de terminais de liga\u00e7\u00e3o r\u00e1pida<\/p>\n<p>Documenta\u00e7\u00e3o para descarregar :<\/p>\n<p><a href=\"https:\/\/electronic-system-cockpit.fr\/wp-content\/uploads\/2023\/10\/ESC-EXTENDED-128.zip\">FICHA T\u00c9CNICA<\/a><\/p>\n","protected":false},"excerpt":{"rendered":"<p>Placa de expans\u00e3o 128 para Arduino e Mobiflight Arduino mega r3 n\u00e3o inclu\u00eddo Permite-te gerir os seguintes elementos: 128 entradas 128 sa\u00eddas de resist\u00eancia integradas (250ohms) 16 codificadores 5 sa\u00eddas servo 6 entradas anal\u00f3gicas para potenci\u00f3metros 1 sa\u00edda de retroilumina\u00e7\u00e3o PWM Terminais de terra comuns (GND) Bloco de terminais de liga\u00e7\u00e3o r\u00e1pida Documenta\u00e7\u00e3o para descarregar&hellip;&nbsp;<a href=\"https:\/\/electronic-system-cockpit.fr\/pt-pt\/boutique\/extended-card-arduino-128\/\" rel=\"bookmark\">L\u00ea mais &raquo;<span class=\"screen-reader-text\">Cart\u00e3o alargado 128 V2 Arduino Mobiflight<\/span><\/a><\/p>\n","protected":false},"featured_media":5754,"template":"","meta":{"neve_meta_sidebar":"","neve_meta_container":"","neve_meta_enable_content_width":"off","neve_meta_content_width":100,"neve_meta_title_alignment":"","neve_meta_author_avatar":"","neve_post_elements_order":"","neve_meta_disable_header":"","neve_meta_disable_footer":"","neve_meta_disable_title":""},"product_brand":[],"product_cat":[236],"product_tag":[],"class_list":{"0":"post-5753","1":"product","2":"type-product","3":"status-publish","4":"has-post-thumbnail","6":"product_cat-arduino-pt-pt","8":"first","9":"instock","10":"shipping-taxable","11":"purchasable","12":"product-type-simple"},"_links":{"self":[{"href":"https:\/\/electronic-system-cockpit.fr\/pt-pt\/wp-json\/wp\/v2\/product\/5753","targetHints":{"allow":["GET"]}}],"collection":[{"href":"https:\/\/electronic-system-cockpit.fr\/pt-pt\/wp-json\/wp\/v2\/product"}],"about":[{"href":"https:\/\/electronic-system-cockpit.fr\/pt-pt\/wp-json\/wp\/v2\/types\/product"}],"wp:featuredmedia":[{"embeddable":true,"href":"https:\/\/electronic-system-cockpit.fr\/pt-pt\/wp-json\/wp\/v2\/media\/5754"}],"wp:attachment":[{"href":"https:\/\/electronic-system-cockpit.fr\/pt-pt\/wp-json\/wp\/v2\/media?parent=5753"}],"wp:term":[{"taxonomy":"product_brand","embeddable":true,"href":"https:\/\/electronic-system-cockpit.fr\/pt-pt\/wp-json\/wp\/v2\/product_brand?post=5753"},{"taxonomy":"product_cat","embeddable":true,"href":"https:\/\/electronic-system-cockpit.fr\/pt-pt\/wp-json\/wp\/v2\/product_cat?post=5753"},{"taxonomy":"product_tag","embeddable":true,"href":"https:\/\/electronic-system-cockpit.fr\/pt-pt\/wp-json\/wp\/v2\/product_tag?post=5753"}],"curies":[{"name":"wp","href":"https:\/\/api.w.org\/{rel}","templated":true}]}}