{"id":5761,"date":"2023-01-18T12:53:06","date_gmt":"2023-01-18T12:53:06","guid":{"rendered":"https:\/\/electronic-system-cockpit.fr\/produit\/modulo-32-input-arduino-mobiflight\/"},"modified":"2025-07-19T10:07:26","modified_gmt":"2025-07-19T08:07:26","slug":"modulo-32-input-arduino-mobiflight","status":"publish","type":"product","link":"https:\/\/electronic-system-cockpit.fr\/pt-pt\/boutique\/modulo-32-input-arduino-mobiflight\/","title":{"rendered":"M\u00f3dulo 32 INPUT ARDUINO MOBIFLIGHT"},"content":{"rendered":"<p>M\u00f3dulo de bloco de terminais de encaixe r\u00e1pido para adicionar 32 entradas Mobiflight a um Arduino.<\/p>\n<p>5 fios necess\u00e1rios para ligar +5v, pino DATA, pino CLOCK, pino LATCH e pino GND.<\/p>\n<p>Terra GND comum para m\u00f3dulo e entradas.<\/p>\n<p>Arduino mega R3 n\u00e3o inclu\u00eddo.<\/p>\n<p>&nbsp;<\/p>\n","protected":false},"excerpt":{"rendered":"<p>M\u00f3dulo de bloco de terminais de encaixe r\u00e1pido para adicionar 32 entradas Mobiflight a um Arduino. 5 fios necess\u00e1rios para ligar +5v, pino DATA, pino CLOCK, pino LATCH e pino GND. Terra GND comum para m\u00f3dulo e entradas. Arduino mega R3 n\u00e3o inclu\u00eddo. &nbsp;<\/p>\n","protected":false},"featured_media":8016,"template":"","meta":{"neve_meta_sidebar":"","neve_meta_container":"","neve_meta_enable_content_width":"off","neve_meta_content_width":100,"neve_meta_title_alignment":"","neve_meta_author_avatar":"","neve_post_elements_order":"","neve_meta_disable_header":"","neve_meta_disable_footer":"","neve_meta_disable_title":""},"product_brand":[],"product_cat":[236],"product_tag":[],"class_list":{"0":"post-5761","1":"product","2":"type-product","3":"status-publish","4":"has-post-thumbnail","6":"product_cat-arduino-pt-pt","8":"first","9":"instock","10":"shipping-taxable","11":"purchasable","12":"product-type-simple"},"_links":{"self":[{"href":"https:\/\/electronic-system-cockpit.fr\/pt-pt\/wp-json\/wp\/v2\/product\/5761","targetHints":{"allow":["GET"]}}],"collection":[{"href":"https:\/\/electronic-system-cockpit.fr\/pt-pt\/wp-json\/wp\/v2\/product"}],"about":[{"href":"https:\/\/electronic-system-cockpit.fr\/pt-pt\/wp-json\/wp\/v2\/types\/product"}],"wp:featuredmedia":[{"embeddable":true,"href":"https:\/\/electronic-system-cockpit.fr\/pt-pt\/wp-json\/wp\/v2\/media\/8016"}],"wp:attachment":[{"href":"https:\/\/electronic-system-cockpit.fr\/pt-pt\/wp-json\/wp\/v2\/media?parent=5761"}],"wp:term":[{"taxonomy":"product_brand","embeddable":true,"href":"https:\/\/electronic-system-cockpit.fr\/pt-pt\/wp-json\/wp\/v2\/product_brand?post=5761"},{"taxonomy":"product_cat","embeddable":true,"href":"https:\/\/electronic-system-cockpit.fr\/pt-pt\/wp-json\/wp\/v2\/product_cat?post=5761"},{"taxonomy":"product_tag","embeddable":true,"href":"https:\/\/electronic-system-cockpit.fr\/pt-pt\/wp-json\/wp\/v2\/product_tag?post=5761"}],"curies":[{"name":"wp","href":"https:\/\/api.w.org\/{rel}","templated":true}]}}