{"id":5928,"date":"2023-09-12T16:27:00","date_gmt":"2023-09-12T16:27:00","guid":{"rendered":"https:\/\/electronic-system-cockpit.fr\/produit\/placa-arduino-glareshield-a320-da-mobiflight\/"},"modified":"2025-07-18T17:34:23","modified_gmt":"2025-07-18T15:34:23","slug":"placa-arduino-glareshield-a320-da-mobiflight","status":"publish","type":"product","link":"https:\/\/electronic-system-cockpit.fr\/pt-pt\/boutique\/placa-arduino-glareshield-a320-da-mobiflight\/","title":{"rendered":"Placa Arduino Glareshield A320 da Mobiflight"},"content":{"rendered":"<p>Placa multiplex para arduino<\/p>\n<p>gere todo o glareshield a320 (entradas, sa\u00eddas, gest\u00e3o da luz de fundo) (FCU, EFIS, WING, ATC)<\/p>\n<p>c\u00f3digo mobiflight pr\u00e9-cheio<\/p>\n<p>especialmente concebido para o fabrico pessoal<\/p>\n<p>Compat\u00edvel com o ecr\u00e3 KavSimulation<\/p>\n<p>compat\u00edvel com os m\u00f3dulos <a href=\"https:\/\/www.homecockpits.fr\/fr\/accueil\/443-492-glareshield-a320-complet.html#\/77-finition-push_pull_pro_line\">Homecockpits.fr<\/a><\/p>\n<p>Arduino mega R3 n\u00e3o fornecido<\/p>\n<p>Documenta\u00e7\u00e3o para descarregar :<\/p>\n<p><a href=\"https:\/\/electronic-system-cockpit.fr\/wp-content\/uploads\/2024\/02\/exemple-code-A320-mobiflight.zip\">Exemplo de programa\u00e7\u00e3o e ficha de dados<\/a><\/p>\n","protected":false},"excerpt":{"rendered":"<p>Placa multiplex para arduino gere todo o glareshield a320 (entradas, sa\u00eddas, gest\u00e3o da luz de fundo) (FCU, EFIS, WING, ATC) c\u00f3digo mobiflight pr\u00e9-cheio especialmente concebido para o fabrico pessoal Compat\u00edvel com o ecr\u00e3 KavSimulation compat\u00edvel com os m\u00f3dulos Homecockpits.fr Arduino mega R3 n\u00e3o fornecido Documenta\u00e7\u00e3o para descarregar : Exemplo de programa\u00e7\u00e3o e ficha de dados<\/p>\n","protected":false},"featured_media":5938,"template":"","meta":{"neve_meta_sidebar":"","neve_meta_container":"","neve_meta_enable_content_width":"off","neve_meta_content_width":100,"neve_meta_title_alignment":"","neve_meta_author_avatar":"","neve_post_elements_order":"","neve_meta_disable_header":"","neve_meta_disable_footer":"","neve_meta_disable_title":""},"product_brand":[],"product_cat":[236,242,241],"product_tag":[],"class_list":{"0":"post-5928","1":"product","2":"type-product","3":"status-publish","4":"has-post-thumbnail","6":"product_cat-arduino-pt-pt","7":"product_cat-airbus-a320-pt-pt","8":"product_cat-carte-mere-pt-pt","10":"first","11":"instock","12":"shipping-taxable","13":"purchasable","14":"product-type-simple"},"_links":{"self":[{"href":"https:\/\/electronic-system-cockpit.fr\/pt-pt\/wp-json\/wp\/v2\/product\/5928","targetHints":{"allow":["GET"]}}],"collection":[{"href":"https:\/\/electronic-system-cockpit.fr\/pt-pt\/wp-json\/wp\/v2\/product"}],"about":[{"href":"https:\/\/electronic-system-cockpit.fr\/pt-pt\/wp-json\/wp\/v2\/types\/product"}],"wp:featuredmedia":[{"embeddable":true,"href":"https:\/\/electronic-system-cockpit.fr\/pt-pt\/wp-json\/wp\/v2\/media\/5938"}],"wp:attachment":[{"href":"https:\/\/electronic-system-cockpit.fr\/pt-pt\/wp-json\/wp\/v2\/media?parent=5928"}],"wp:term":[{"taxonomy":"product_brand","embeddable":true,"href":"https:\/\/electronic-system-cockpit.fr\/pt-pt\/wp-json\/wp\/v2\/product_brand?post=5928"},{"taxonomy":"product_cat","embeddable":true,"href":"https:\/\/electronic-system-cockpit.fr\/pt-pt\/wp-json\/wp\/v2\/product_cat?post=5928"},{"taxonomy":"product_tag","embeddable":true,"href":"https:\/\/electronic-system-cockpit.fr\/pt-pt\/wp-json\/wp\/v2\/product_tag?post=5928"}],"curies":[{"name":"wp","href":"https:\/\/api.w.org\/{rel}","templated":true}]}}