{"id":5966,"date":"2023-11-29T16:15:11","date_gmt":"2023-11-29T16:15:11","guid":{"rendered":"https:\/\/electronic-system-cockpit.fr\/produit\/acp-radio-h145\/"},"modified":"2025-08-21T16:09:18","modified_gmt":"2025-08-21T14:09:18","slug":"acp-radio-h145","status":"publish","type":"product","link":"https:\/\/electronic-system-cockpit.fr\/pt-pt\/boutique\/acp-radio-h145\/","title":{"rendered":"ACP RADIO H145"},"content":{"rendered":"<p>Painel de r\u00e1dio do H145<\/p>\n<p>Fun\u00e7\u00e3o de volume fict\u00edcio<\/p>\n<p>Funciona com dados b\u00e1sicos de r\u00e1dio MSFS2020 (vhf, mkr, dme ect&#8230;)<\/p>\n<p>Podem ser interligados bot\u00f5es, bot\u00f5es de press\u00e3o, codificadores, potenci\u00f3metros e LEDs.<\/p>\n<p>O circuito eletr\u00f3nico com retroilumina\u00e7\u00e3o verde inclui .<\/p>\n<p>Conector IDC .<\/p>\n<p>Inclui toalha de mesa de liga\u00e7\u00e3o.<\/p>\n<p>PLUG AND PLAY no Mobiflight e Hype SImulation com a motherboard dispon\u00edvel <a href=\"https:\/\/electronic-system-cockpit.fr\/produit\/carte-mere-pedestal-h145\/\">AQUI<\/a>.<\/p>\n<p>Contraface de 3 mm, face de 6 mm.<\/p>\n<p>Tamanho 146*75mm<\/p>\n<p>Dzus M4 incluts<\/p>\n<p><a href=\"https:\/\/electronic-system-cockpit.fr\/wp-content\/uploads\/2023\/11\/connexion-pin-pedestal-H145.pdf\">FICHA DE DADOS PLANO DE LIGA\u00c7\u00c3O<\/a><\/p>\n<p>Fabricados por encomenda, os prazos de entrega podem variar de 1 a 2 semanas, consoante a complexidade do m\u00f3dulo.<\/p>\n","protected":false},"excerpt":{"rendered":"<p>Painel de r\u00e1dio do H145 Fun\u00e7\u00e3o de volume fict\u00edcio Funciona com dados b\u00e1sicos de r\u00e1dio MSFS2020 (vhf, mkr, dme ect&#8230;) Podem ser interligados bot\u00f5es, bot\u00f5es de press\u00e3o, codificadores, potenci\u00f3metros e LEDs. O circuito eletr\u00f3nico com retroilumina\u00e7\u00e3o verde inclui . Conector IDC . Inclui toalha de mesa de liga\u00e7\u00e3o. PLUG AND PLAY no Mobiflight e Hype&hellip;&nbsp;<a href=\"https:\/\/electronic-system-cockpit.fr\/pt-pt\/boutique\/acp-radio-h145\/\" rel=\"bookmark\">L\u00ea mais &raquo;<span class=\"screen-reader-text\">ACP RADIO H145<\/span><\/a><\/p>\n","protected":false},"featured_media":8097,"template":"","meta":{"neve_meta_sidebar":"","neve_meta_container":"","neve_meta_enable_content_width":"off","neve_meta_content_width":100,"neve_meta_title_alignment":"","neve_meta_author_avatar":"","neve_post_elements_order":"","neve_meta_disable_header":"","neve_meta_disable_footer":"","neve_meta_disable_title":""},"product_brand":[],"product_cat":[253,254],"product_tag":[],"class_list":{"0":"post-5966","1":"product","2":"type-product","3":"status-publish","4":"has-post-thumbnail","6":"product_cat-helicoptero-airbus-pt-pt","7":"product_cat-pedestal-pt-pt","9":"first","10":"instock","11":"shipping-taxable","12":"purchasable","13":"product-type-simple"},"_links":{"self":[{"href":"https:\/\/electronic-system-cockpit.fr\/pt-pt\/wp-json\/wp\/v2\/product\/5966","targetHints":{"allow":["GET"]}}],"collection":[{"href":"https:\/\/electronic-system-cockpit.fr\/pt-pt\/wp-json\/wp\/v2\/product"}],"about":[{"href":"https:\/\/electronic-system-cockpit.fr\/pt-pt\/wp-json\/wp\/v2\/types\/product"}],"wp:featuredmedia":[{"embeddable":true,"href":"https:\/\/electronic-system-cockpit.fr\/pt-pt\/wp-json\/wp\/v2\/media\/8097"}],"wp:attachment":[{"href":"https:\/\/electronic-system-cockpit.fr\/pt-pt\/wp-json\/wp\/v2\/media?parent=5966"}],"wp:term":[{"taxonomy":"product_brand","embeddable":true,"href":"https:\/\/electronic-system-cockpit.fr\/pt-pt\/wp-json\/wp\/v2\/product_brand?post=5966"},{"taxonomy":"product_cat","embeddable":true,"href":"https:\/\/electronic-system-cockpit.fr\/pt-pt\/wp-json\/wp\/v2\/product_cat?post=5966"},{"taxonomy":"product_tag","embeddable":true,"href":"https:\/\/electronic-system-cockpit.fr\/pt-pt\/wp-json\/wp\/v2\/product_tag?post=5966"}],"curies":[{"name":"wp","href":"https:\/\/api.w.org\/{rel}","templated":true}]}}