{"id":6077,"date":"2023-11-29T16:45:17","date_gmt":"2023-11-29T16:45:17","guid":{"rendered":"https:\/\/electronic-system-cockpit.fr\/produit\/transferencia-de-dados-em-painel-h145\/"},"modified":"2025-08-21T15:54:24","modified_gmt":"2025-08-21T13:54:24","slug":"transferencia-de-dados-em-painel-h145","status":"publish","type":"product","link":"https:\/\/electronic-system-cockpit.fr\/pt-pt\/boutique\/transferencia-de-dados-em-painel-h145\/","title":{"rendered":"Transfer\u00eancia de dados em painel H145"},"content":{"rendered":"<p>Painel decorativo de transfer\u00eancia de dados<\/p>\n<p>Resina ABS<\/p>\n<p>Dzeus M4 incluts<\/p>\n<p>dimens\u00e3o 146*65mm<\/p>\n<p>Feito por encomenda, o prazo de entrega pode variar de 1 a 2 semanas, dependendo da complexidade do m\u00f3dulo.<\/p>\n","protected":false},"excerpt":{"rendered":"<p>Painel decorativo de transfer\u00eancia de dados Resina ABS Dzeus M4 incluts dimens\u00e3o 146*65mm Feito por encomenda, o prazo de entrega pode variar de 1 a 2 semanas, dependendo da complexidade do m\u00f3dulo.<\/p>\n","protected":false},"featured_media":8153,"template":"","meta":{"neve_meta_sidebar":"","neve_meta_container":"","neve_meta_enable_content_width":"off","neve_meta_content_width":100,"neve_meta_title_alignment":"","neve_meta_author_avatar":"","neve_post_elements_order":"","neve_meta_disable_header":"","neve_meta_disable_footer":"","neve_meta_disable_title":""},"product_brand":[],"product_cat":[253,254],"product_tag":[],"class_list":{"0":"post-6077","1":"product","2":"type-product","3":"status-publish","4":"has-post-thumbnail","6":"product_cat-helicoptero-airbus-pt-pt","7":"product_cat-pedestal-pt-pt","9":"first","10":"instock","11":"shipping-taxable","12":"purchasable","13":"product-type-simple"},"_links":{"self":[{"href":"https:\/\/electronic-system-cockpit.fr\/pt-pt\/wp-json\/wp\/v2\/product\/6077","targetHints":{"allow":["GET"]}}],"collection":[{"href":"https:\/\/electronic-system-cockpit.fr\/pt-pt\/wp-json\/wp\/v2\/product"}],"about":[{"href":"https:\/\/electronic-system-cockpit.fr\/pt-pt\/wp-json\/wp\/v2\/types\/product"}],"wp:featuredmedia":[{"embeddable":true,"href":"https:\/\/electronic-system-cockpit.fr\/pt-pt\/wp-json\/wp\/v2\/media\/8153"}],"wp:attachment":[{"href":"https:\/\/electronic-system-cockpit.fr\/pt-pt\/wp-json\/wp\/v2\/media?parent=6077"}],"wp:term":[{"taxonomy":"product_brand","embeddable":true,"href":"https:\/\/electronic-system-cockpit.fr\/pt-pt\/wp-json\/wp\/v2\/product_brand?post=6077"},{"taxonomy":"product_cat","embeddable":true,"href":"https:\/\/electronic-system-cockpit.fr\/pt-pt\/wp-json\/wp\/v2\/product_cat?post=6077"},{"taxonomy":"product_tag","embeddable":true,"href":"https:\/\/electronic-system-cockpit.fr\/pt-pt\/wp-json\/wp\/v2\/product_tag?post=6077"}],"curies":[{"name":"wp","href":"https:\/\/api.w.org\/{rel}","templated":true}]}}