{"id":6090,"date":"2023-11-29T16:43:15","date_gmt":"2023-11-29T16:43:15","guid":{"rendered":"https:\/\/electronic-system-cockpit.fr\/produit\/conjunto-de-2-gns-gtn-750\/"},"modified":"2025-08-21T15:56:21","modified_gmt":"2025-08-21T13:56:21","slug":"conjunto-de-2-gns-gtn-750","status":"publish","type":"product","link":"https:\/\/electronic-system-cockpit.fr\/pt-pt\/boutique\/conjunto-de-2-gns-gtn-750\/","title":{"rendered":"Conjunto de 2 GTN 750"},"content":{"rendered":"<p>GNS 750 H145<\/p>\n<p>o ecr\u00e3 t\u00e1til inclui<\/p>\n<p>Requer o <a href=\"https:\/\/fr.flightsim.to\/file\/35759\/msfs-pop-out-panel-manager\">gestor do painel popout msfs<\/a> para apresentar janelas e tornar a fun\u00e7\u00e3o de toque dispon\u00edvel no Hype Simulation .<\/p>\n<p>Cabo de alimenta\u00e7\u00e3o USB e HDMI inclu\u00eddo.<\/p>\n<p>Pode ser montado na retaguarda de acordo com as normas Vesa<\/p>\n<p>O circuito eletr\u00f3nico com retroilumina\u00e7\u00e3o verde inclui .<\/p>\n<p>Conector IDC .<\/p>\n<p>Inclui toalha de mesa de liga\u00e7\u00e3o.<\/p>\n<p>PLUG AND PLAY no Mobiflight e Hype SImulation com a motherboard dispon\u00edvel <a href=\"https:\/\/electronic-system-cockpit.fr\/produit\/carte-mere-pedestal-h145\/\">AQUI<\/a>.<\/p>\n<p>&nbsp;<\/p>\n<p>Tamanho 298*179mm<\/p>\n<p>&nbsp;<\/p>\n<p><a href=\"https:\/\/electronic-system-cockpit.fr\/wp-content\/uploads\/2023\/11\/connexion-pin-pedestal-H145.pdf\">FICHA DE DADOS PLANO DE LIGA\u00c7\u00c3O<\/a><\/p>\n<p>Fabricados por encomenda, os prazos de entrega podem variar de 1 a 2 semanas, consoante a complexidade do m\u00f3dulo.<\/p>\n","protected":false},"excerpt":{"rendered":"<p>GNS 750 H145 o ecr\u00e3 t\u00e1til inclui Requer o gestor do painel popout msfs para apresentar janelas e tornar a fun\u00e7\u00e3o de toque dispon\u00edvel no Hype Simulation . Cabo de alimenta\u00e7\u00e3o USB e HDMI inclu\u00eddo. Pode ser montado na retaguarda de acordo com as normas Vesa O circuito eletr\u00f3nico com retroilumina\u00e7\u00e3o verde inclui . Conector&hellip;&nbsp;<a href=\"https:\/\/electronic-system-cockpit.fr\/pt-pt\/boutique\/conjunto-de-2-gns-gtn-750\/\" rel=\"bookmark\">L\u00ea mais &raquo;<span class=\"screen-reader-text\">Conjunto de 2 GTN 750<\/span><\/a><\/p>\n","protected":false},"featured_media":8216,"template":"","meta":{"neve_meta_sidebar":"","neve_meta_container":"","neve_meta_enable_content_width":"off","neve_meta_content_width":100,"neve_meta_title_alignment":"","neve_meta_author_avatar":"","neve_post_elements_order":"","neve_meta_disable_header":"","neve_meta_disable_footer":"","neve_meta_disable_title":""},"product_brand":[],"product_cat":[253,254],"product_tag":[],"class_list":{"0":"post-6090","1":"product","2":"type-product","3":"status-publish","4":"has-post-thumbnail","6":"product_cat-helicoptero-airbus-pt-pt","7":"product_cat-pedestal-pt-pt","9":"first","10":"instock","11":"featured","12":"shipping-taxable","13":"purchasable","14":"product-type-simple"},"_links":{"self":[{"href":"https:\/\/electronic-system-cockpit.fr\/pt-pt\/wp-json\/wp\/v2\/product\/6090","targetHints":{"allow":["GET"]}}],"collection":[{"href":"https:\/\/electronic-system-cockpit.fr\/pt-pt\/wp-json\/wp\/v2\/product"}],"about":[{"href":"https:\/\/electronic-system-cockpit.fr\/pt-pt\/wp-json\/wp\/v2\/types\/product"}],"wp:featuredmedia":[{"embeddable":true,"href":"https:\/\/electronic-system-cockpit.fr\/pt-pt\/wp-json\/wp\/v2\/media\/8216"}],"wp:attachment":[{"href":"https:\/\/electronic-system-cockpit.fr\/pt-pt\/wp-json\/wp\/v2\/media?parent=6090"}],"wp:term":[{"taxonomy":"product_brand","embeddable":true,"href":"https:\/\/electronic-system-cockpit.fr\/pt-pt\/wp-json\/wp\/v2\/product_brand?post=6090"},{"taxonomy":"product_cat","embeddable":true,"href":"https:\/\/electronic-system-cockpit.fr\/pt-pt\/wp-json\/wp\/v2\/product_cat?post=6090"},{"taxonomy":"product_tag","embeddable":true,"href":"https:\/\/electronic-system-cockpit.fr\/pt-pt\/wp-json\/wp\/v2\/product_tag?post=6090"}],"curies":[{"name":"wp","href":"https:\/\/api.w.org\/{rel}","templated":true}]}}