{"id":6640,"date":"2024-04-06T09:11:16","date_gmt":"2024-04-06T09:11:16","guid":{"rendered":"https:\/\/electronic-system-cockpit.fr\/produit\/placa-mae-mip-mfd-h145\/"},"modified":"2025-08-19T15:14:45","modified_gmt":"2025-08-19T13:14:45","slug":"placa-mae-mip-mfd-h145","status":"publish","type":"product","link":"https:\/\/electronic-system-cockpit.fr\/pt-pt\/boutique\/placa-mae-mip-mfd-h145\/","title":{"rendered":"PLACA-M\u00c3E MIP MFD H145"},"content":{"rendered":"<p>Circuito eletr\u00f3nico com Arduino mini inclu\u00eddo .<\/p>\n<p>Permite a interface programada dos seguintes m\u00f3dulos:<\/p>\n<p>PCE<\/p>\n<p>MFD1<\/p>\n<p>MFD2<\/p>\n<p>MFD4<\/p>\n<p>IESI<\/p>\n<p>AVISO UNIDADE<\/p>\n<p>CONJUNTO INDICADOR 6 UNIDADES<\/p>\n<p>&nbsp;<\/p>\n<p>&nbsp;<\/p>\n<p>Plug and Play no Mobiflight com Hype Simulation H145<\/p>\n<p>O c\u00f3digo completo ser-te-\u00e1 enviado por e-mail quando fizeres a tua encomenda.<\/p>\n<p>&nbsp;<\/p>\n<p>Cabo USB inclu\u00eddo<\/p>\n<p>Inclui fonte de alimenta\u00e7\u00e3o de 5 volts.<\/p>\n<p>&nbsp;<\/p>\n","protected":false},"excerpt":{"rendered":"<p>Circuito eletr\u00f3nico com Arduino mini inclu\u00eddo . Permite a interface programada dos seguintes m\u00f3dulos: PCE MFD1 MFD2 MFD4 IESI AVISO UNIDADE CONJUNTO INDICADOR 6 UNIDADES &nbsp; &nbsp; Plug and Play no Mobiflight com Hype Simulation H145 O c\u00f3digo completo ser-te-\u00e1 enviado por e-mail quando fizeres a tua encomenda. &nbsp; Cabo USB inclu\u00eddo Inclui fonte de&hellip;&nbsp;<a href=\"https:\/\/electronic-system-cockpit.fr\/pt-pt\/boutique\/placa-mae-mip-mfd-h145\/\" rel=\"bookmark\">L\u00ea mais &raquo;<span class=\"screen-reader-text\">PLACA-M\u00c3E MIP MFD H145<\/span><\/a><\/p>\n","protected":false},"featured_media":8412,"template":"","meta":{"neve_meta_sidebar":"","neve_meta_container":"","neve_meta_enable_content_width":"off","neve_meta_content_width":100,"neve_meta_title_alignment":"","neve_meta_author_avatar":"","neve_post_elements_order":"","neve_meta_disable_header":"","neve_meta_disable_footer":"","neve_meta_disable_title":""},"product_brand":[],"product_cat":[253,270],"product_tag":[],"class_list":{"0":"post-6640","1":"product","2":"type-product","3":"status-publish","4":"has-post-thumbnail","6":"product_cat-helicoptero-airbus-pt-pt","7":"product_cat-proteccao-anti-brilho","9":"first","10":"instock","11":"featured","12":"purchasable","13":"product-type-simple"},"_links":{"self":[{"href":"https:\/\/electronic-system-cockpit.fr\/pt-pt\/wp-json\/wp\/v2\/product\/6640","targetHints":{"allow":["GET"]}}],"collection":[{"href":"https:\/\/electronic-system-cockpit.fr\/pt-pt\/wp-json\/wp\/v2\/product"}],"about":[{"href":"https:\/\/electronic-system-cockpit.fr\/pt-pt\/wp-json\/wp\/v2\/types\/product"}],"wp:featuredmedia":[{"embeddable":true,"href":"https:\/\/electronic-system-cockpit.fr\/pt-pt\/wp-json\/wp\/v2\/media\/8412"}],"wp:attachment":[{"href":"https:\/\/electronic-system-cockpit.fr\/pt-pt\/wp-json\/wp\/v2\/media?parent=6640"}],"wp:term":[{"taxonomy":"product_brand","embeddable":true,"href":"https:\/\/electronic-system-cockpit.fr\/pt-pt\/wp-json\/wp\/v2\/product_brand?post=6640"},{"taxonomy":"product_cat","embeddable":true,"href":"https:\/\/electronic-system-cockpit.fr\/pt-pt\/wp-json\/wp\/v2\/product_cat?post=6640"},{"taxonomy":"product_tag","embeddable":true,"href":"https:\/\/electronic-system-cockpit.fr\/pt-pt\/wp-json\/wp\/v2\/product_tag?post=6640"}],"curies":[{"name":"wp","href":"https:\/\/api.w.org\/{rel}","templated":true}]}}