{"id":6689,"date":"2024-04-06T09:20:19","date_gmt":"2024-04-06T09:20:19","guid":{"rendered":"https:\/\/electronic-system-cockpit.fr\/produit\/painel-ecp-h145\/"},"modified":"2025-08-19T14:52:37","modified_gmt":"2025-08-19T12:52:37","slug":"painel-ecp-h145","status":"publish","type":"product","link":"https:\/\/electronic-system-cockpit.fr\/pt-pt\/boutique\/painel-ecp-h145\/","title":{"rendered":"PAINEL ECP H145"},"content":{"rendered":"<p>Pain\u00e9is de arranque do motor H145<\/p>\n<p>Bot\u00f5es, bot\u00f5es de press\u00e3o, interruptores, LEDs, interface\u00e1veis .<\/p>\n<p>O circuito eletr\u00f3nico com retroilumina\u00e7\u00e3o verde inclui .<\/p>\n<p>Conector IDC .<\/p>\n<p>Inclui toalha de mesa de liga\u00e7\u00e3o.<\/p>\n<p>PLUG AND PLAY no Mobiflight e Hype SImulation com a motherboard dispon\u00edvel <a href=\"https:\/\/electronic-system-cockpit.fr\/produit\/carte-mere-mip-mfd-h145\/\">AQUI<\/a>.<\/p>\n<p>Contraface de 3 mm, face de 6 mm.<\/p>\n<p>Tamanho 210*65 mm<\/p>\n<p>&nbsp;<\/p>\n<p>&nbsp;<\/p>\n<p>Fabricados por encomenda, os prazos de entrega podem variar de 1 a 2 semanas, consoante a complexidade do m\u00f3dulo.<\/p>\n","protected":false},"excerpt":{"rendered":"<p>Pain\u00e9is de arranque do motor H145 Bot\u00f5es, bot\u00f5es de press\u00e3o, interruptores, LEDs, interface\u00e1veis . O circuito eletr\u00f3nico com retroilumina\u00e7\u00e3o verde inclui . Conector IDC . Inclui toalha de mesa de liga\u00e7\u00e3o. PLUG AND PLAY no Mobiflight e Hype SImulation com a motherboard dispon\u00edvel AQUI. Contraface de 3 mm, face de 6 mm. Tamanho 210*65 mm&hellip;&nbsp;<a href=\"https:\/\/electronic-system-cockpit.fr\/pt-pt\/boutique\/painel-ecp-h145\/\" rel=\"bookmark\">L\u00ea mais &raquo;<span class=\"screen-reader-text\">PAINEL ECP H145<\/span><\/a><\/p>\n","protected":false},"featured_media":8342,"template":"","meta":{"neve_meta_sidebar":"","neve_meta_container":"","neve_meta_enable_content_width":"off","neve_meta_content_width":100,"neve_meta_title_alignment":"","neve_meta_author_avatar":"","neve_post_elements_order":"","neve_meta_disable_header":"","neve_meta_disable_footer":"","neve_meta_disable_title":""},"product_brand":[],"product_cat":[253,270],"product_tag":[],"class_list":{"0":"post-6689","1":"product","2":"type-product","3":"status-publish","4":"has-post-thumbnail","6":"product_cat-helicoptero-airbus-pt-pt","7":"product_cat-proteccao-anti-brilho","9":"first","10":"instock","11":"featured","12":"purchasable","13":"product-type-simple"},"_links":{"self":[{"href":"https:\/\/electronic-system-cockpit.fr\/pt-pt\/wp-json\/wp\/v2\/product\/6689","targetHints":{"allow":["GET"]}}],"collection":[{"href":"https:\/\/electronic-system-cockpit.fr\/pt-pt\/wp-json\/wp\/v2\/product"}],"about":[{"href":"https:\/\/electronic-system-cockpit.fr\/pt-pt\/wp-json\/wp\/v2\/types\/product"}],"wp:featuredmedia":[{"embeddable":true,"href":"https:\/\/electronic-system-cockpit.fr\/pt-pt\/wp-json\/wp\/v2\/media\/8342"}],"wp:attachment":[{"href":"https:\/\/electronic-system-cockpit.fr\/pt-pt\/wp-json\/wp\/v2\/media?parent=6689"}],"wp:term":[{"taxonomy":"product_brand","embeddable":true,"href":"https:\/\/electronic-system-cockpit.fr\/pt-pt\/wp-json\/wp\/v2\/product_brand?post=6689"},{"taxonomy":"product_cat","embeddable":true,"href":"https:\/\/electronic-system-cockpit.fr\/pt-pt\/wp-json\/wp\/v2\/product_cat?post=6689"},{"taxonomy":"product_tag","embeddable":true,"href":"https:\/\/electronic-system-cockpit.fr\/pt-pt\/wp-json\/wp\/v2\/product_tag?post=6689"}],"curies":[{"name":"wp","href":"https:\/\/api.w.org\/{rel}","templated":true}]}}