{"id":6783,"date":"2024-04-23T08:18:04","date_gmt":"2024-04-23T08:18:04","guid":{"rendered":"https:\/\/electronic-system-cockpit.fr\/produit\/folheto-call-sign-personalizavel\/"},"modified":"2025-08-21T16:30:14","modified_gmt":"2025-08-21T14:30:14","slug":"folheto-call-sign-personalizavel","status":"publish","type":"product","link":"https:\/\/electronic-system-cockpit.fr\/pt-pt\/boutique\/folheto-call-sign-personalizavel\/","title":{"rendered":"Folheto CALL SIGN personaliz\u00e1vel"},"content":{"rendered":"<p>Conjunto de 2 placas de identifica\u00e7\u00e3o<\/p>\n<p>tamanho 65*16mm<\/p>\n<p>grava\u00e7\u00e3o pode ser personalizada, por favor contacta-nos quando encomendares para definir o teu sinal de chamada<\/p>\n","protected":false},"excerpt":{"rendered":"<p>Conjunto de 2 placas de identifica\u00e7\u00e3o tamanho 65*16mm grava\u00e7\u00e3o pode ser personalizada, por favor contacta-nos quando encomendares para definir o teu sinal de chamada<\/p>\n","protected":false},"featured_media":8370,"template":"","meta":{"neve_meta_sidebar":"","neve_meta_container":"","neve_meta_enable_content_width":"off","neve_meta_content_width":100,"neve_meta_title_alignment":"","neve_meta_author_avatar":"","neve_post_elements_order":"","neve_meta_disable_header":"","neve_meta_disable_footer":"","neve_meta_disable_title":""},"product_brand":[],"product_cat":[253,270],"product_tag":[],"class_list":{"0":"post-6783","1":"product","2":"type-product","3":"status-publish","4":"has-post-thumbnail","6":"product_cat-helicoptero-airbus-pt-pt","7":"product_cat-proteccao-anti-brilho","9":"first","10":"instock","11":"featured","12":"purchasable","13":"product-type-simple"},"_links":{"self":[{"href":"https:\/\/electronic-system-cockpit.fr\/pt-pt\/wp-json\/wp\/v2\/product\/6783","targetHints":{"allow":["GET"]}}],"collection":[{"href":"https:\/\/electronic-system-cockpit.fr\/pt-pt\/wp-json\/wp\/v2\/product"}],"about":[{"href":"https:\/\/electronic-system-cockpit.fr\/pt-pt\/wp-json\/wp\/v2\/types\/product"}],"wp:featuredmedia":[{"embeddable":true,"href":"https:\/\/electronic-system-cockpit.fr\/pt-pt\/wp-json\/wp\/v2\/media\/8370"}],"wp:attachment":[{"href":"https:\/\/electronic-system-cockpit.fr\/pt-pt\/wp-json\/wp\/v2\/media?parent=6783"}],"wp:term":[{"taxonomy":"product_brand","embeddable":true,"href":"https:\/\/electronic-system-cockpit.fr\/pt-pt\/wp-json\/wp\/v2\/product_brand?post=6783"},{"taxonomy":"product_cat","embeddable":true,"href":"https:\/\/electronic-system-cockpit.fr\/pt-pt\/wp-json\/wp\/v2\/product_cat?post=6783"},{"taxonomy":"product_tag","embeddable":true,"href":"https:\/\/electronic-system-cockpit.fr\/pt-pt\/wp-json\/wp\/v2\/product_tag?post=6783"}],"curies":[{"name":"wp","href":"https:\/\/api.w.org\/{rel}","templated":true}]}}