{"id":6979,"date":"2024-06-03T14:18:26","date_gmt":"2024-06-03T14:18:26","guid":{"rendered":"https:\/\/electronic-system-cockpit.fr\/produit\/kit-conjuntos-de-indicadores-6-pacotes-h145\/"},"modified":"2025-08-19T14:51:16","modified_gmt":"2025-08-19T12:51:16","slug":"kit-conjuntos-de-indicadores-6-pacotes-h145","status":"publish","type":"product","link":"https:\/\/electronic-system-cockpit.fr\/pt-pt\/boutique\/kit-conjuntos-de-indicadores-6-pacotes-h145\/","title":{"rendered":"KIT Conjuntos de indicadores 6 pacotes H145"},"content":{"rendered":"<p>KIT Indicador de r\u00e1dio FMS a montar num suporte de 5 mm de espessura.<\/p>\n<p>&nbsp;<\/p>\n<p>Interfaces de bot\u00f5es, bot\u00f5es de press\u00e3o, LEDs .<\/p>\n<p>O circuito eletr\u00f3nico com retroilumina\u00e7\u00e3o verde inclui .<\/p>\n<p>Conector IDC .<\/p>\n<p>Inclui toalha de mesa de liga\u00e7\u00e3o.<\/p>\n<p>PLUG AND PLAY no Mobiflight e Hype SImulation com a motherboard dispon\u00edvel <a href=\"https:\/\/electronic-system-cockpit.fr\/produit\/carte-mere-mip-mfd-h145\/\">AQUI<\/a>.<\/p>\n<p>Resina ABS<\/p>\n<p>Tamanho (ver ficha t\u00e9cnica em formato DXF)<\/p>\n<p>Inclui parafusos M2 .<\/p>\n<p><a href=\"https:\/\/electronic-system-cockpit.fr\/wp-content\/uploads\/2024\/06\/datasheet-MIP-dxf.zip\">FICHA DE DADOS MIP H145<\/a><\/p>\n<p>Fabricados por encomenda, os prazos de entrega podem variar de 1 a 2 semanas, consoante a complexidade do m\u00f3dulo.<\/p>\n","protected":false},"excerpt":{"rendered":"<p>KIT Indicador de r\u00e1dio FMS a montar num suporte de 5 mm de espessura. &nbsp; Interfaces de bot\u00f5es, bot\u00f5es de press\u00e3o, LEDs . O circuito eletr\u00f3nico com retroilumina\u00e7\u00e3o verde inclui . Conector IDC . Inclui toalha de mesa de liga\u00e7\u00e3o. PLUG AND PLAY no Mobiflight e Hype SImulation com a motherboard dispon\u00edvel AQUI. Resina ABS&hellip;&nbsp;<a href=\"https:\/\/electronic-system-cockpit.fr\/pt-pt\/boutique\/kit-conjuntos-de-indicadores-6-pacotes-h145\/\" rel=\"bookmark\">L\u00ea mais &raquo;<span class=\"screen-reader-text\">KIT Conjuntos de indicadores 6 pacotes H145<\/span><\/a><\/p>\n","protected":false},"featured_media":8398,"template":"","meta":{"neve_meta_sidebar":"","neve_meta_container":"","neve_meta_enable_content_width":"off","neve_meta_content_width":100,"neve_meta_title_alignment":"","neve_meta_author_avatar":"","neve_post_elements_order":"","neve_meta_disable_header":"","neve_meta_disable_footer":"","neve_meta_disable_title":""},"product_brand":[],"product_cat":[253,270],"product_tag":[],"class_list":{"0":"post-6979","1":"product","2":"type-product","3":"status-publish","4":"has-post-thumbnail","6":"product_cat-helicoptero-airbus-pt-pt","7":"product_cat-proteccao-anti-brilho","9":"first","10":"instock","11":"shipping-taxable","12":"purchasable","13":"product-type-simple"},"_links":{"self":[{"href":"https:\/\/electronic-system-cockpit.fr\/pt-pt\/wp-json\/wp\/v2\/product\/6979","targetHints":{"allow":["GET"]}}],"collection":[{"href":"https:\/\/electronic-system-cockpit.fr\/pt-pt\/wp-json\/wp\/v2\/product"}],"about":[{"href":"https:\/\/electronic-system-cockpit.fr\/pt-pt\/wp-json\/wp\/v2\/types\/product"}],"wp:featuredmedia":[{"embeddable":true,"href":"https:\/\/electronic-system-cockpit.fr\/pt-pt\/wp-json\/wp\/v2\/media\/8398"}],"wp:attachment":[{"href":"https:\/\/electronic-system-cockpit.fr\/pt-pt\/wp-json\/wp\/v2\/media?parent=6979"}],"wp:term":[{"taxonomy":"product_brand","embeddable":true,"href":"https:\/\/electronic-system-cockpit.fr\/pt-pt\/wp-json\/wp\/v2\/product_brand?post=6979"},{"taxonomy":"product_cat","embeddable":true,"href":"https:\/\/electronic-system-cockpit.fr\/pt-pt\/wp-json\/wp\/v2\/product_cat?post=6979"},{"taxonomy":"product_tag","embeddable":true,"href":"https:\/\/electronic-system-cockpit.fr\/pt-pt\/wp-json\/wp\/v2\/product_tag?post=6979"}],"curies":[{"name":"wp","href":"https:\/\/api.w.org\/{rel}","templated":true}]}}