{"id":7021,"date":"2024-06-11T09:39:10","date_gmt":"2024-06-11T09:39:10","guid":{"rendered":"https:\/\/electronic-system-cockpit.fr\/produit\/liga-o-motor-ecp-h145\/"},"modified":"2024-06-11T09:39:10","modified_gmt":"2024-06-11T09:39:10","slug":"liga-o-motor-ecp-h145","status":"publish","type":"product","link":"https:\/\/electronic-system-cockpit.fr\/pt-pt\/boutique\/liga-o-motor-ecp-h145\/","title":{"rendered":"Liga o motor ECP H145"},"content":{"rendered":"<p>Interruptor de 3 posi\u00e7\u00f5es com bloqueio mec\u00e2nico de seguran\u00e7a .<\/p>\n<p>Concebida para ser montada num suporte de 3 mm de espessura.<\/p>\n<p>Furo de montagem com 12 mm de di\u00e2metro.<\/p>\n<p>guarda resina abs .<\/p>\n<p>&nbsp;<\/p>\n","protected":false},"excerpt":{"rendered":"<p>Interruptor de 3 posi\u00e7\u00f5es com bloqueio mec\u00e2nico de seguran\u00e7a . Concebida para ser montada num suporte de 3 mm de espessura. Furo de montagem com 12 mm de di\u00e2metro. guarda resina abs . &nbsp;<\/p>\n","protected":false},"featured_media":7008,"template":"","meta":{"neve_meta_sidebar":"","neve_meta_container":"","neve_meta_enable_content_width":"off","neve_meta_content_width":100,"neve_meta_title_alignment":"","neve_meta_author_avatar":"","neve_post_elements_order":"","neve_meta_disable_header":"","neve_meta_disable_footer":"","neve_meta_disable_title":""},"product_brand":[],"product_cat":[253,270],"product_tag":[],"class_list":{"0":"post-7021","1":"product","2":"type-product","3":"status-publish","4":"has-post-thumbnail","6":"product_cat-helicoptero-airbus-pt-pt","7":"product_cat-proteccao-anti-brilho","9":"first","10":"instock","11":"shipping-taxable","12":"purchasable","13":"product-type-simple"},"_links":{"self":[{"href":"https:\/\/electronic-system-cockpit.fr\/pt-pt\/wp-json\/wp\/v2\/product\/7021","targetHints":{"allow":["GET"]}}],"collection":[{"href":"https:\/\/electronic-system-cockpit.fr\/pt-pt\/wp-json\/wp\/v2\/product"}],"about":[{"href":"https:\/\/electronic-system-cockpit.fr\/pt-pt\/wp-json\/wp\/v2\/types\/product"}],"wp:featuredmedia":[{"embeddable":true,"href":"https:\/\/electronic-system-cockpit.fr\/pt-pt\/wp-json\/wp\/v2\/media\/7008"}],"wp:attachment":[{"href":"https:\/\/electronic-system-cockpit.fr\/pt-pt\/wp-json\/wp\/v2\/media?parent=7021"}],"wp:term":[{"taxonomy":"product_brand","embeddable":true,"href":"https:\/\/electronic-system-cockpit.fr\/pt-pt\/wp-json\/wp\/v2\/product_brand?post=7021"},{"taxonomy":"product_cat","embeddable":true,"href":"https:\/\/electronic-system-cockpit.fr\/pt-pt\/wp-json\/wp\/v2\/product_cat?post=7021"},{"taxonomy":"product_tag","embeddable":true,"href":"https:\/\/electronic-system-cockpit.fr\/pt-pt\/wp-json\/wp\/v2\/product_tag?post=7021"}],"curies":[{"name":"wp","href":"https:\/\/api.w.org\/{rel}","templated":true}]}}