{"id":7436,"date":"2024-11-15T17:29:59","date_gmt":"2024-11-15T16:29:59","guid":{"rendered":"https:\/\/electronic-system-cockpit.fr\/produit\/overhead-complet-h145-avec-cadre-aluminium\/"},"modified":"2026-03-23T11:40:06","modified_gmt":"2026-03-23T10:40:06","slug":"overhead-complet-h145-avec-cadre-aluminium","status":"publish","type":"product","link":"https:\/\/electronic-system-cockpit.fr\/pt-pt\/boutique\/overhead-complet-h145-avec-cadre-aluminium\/","title":{"rendered":"OVERHEAD COMPLETE H145 com arma\u00e7\u00e3o de alum\u00ednio"},"content":{"rendered":"<p>OVHD completo H145<\/p>\n<p>Estrutura de alum\u00ednio<\/p>\n<p>n\u00e3o inclui o suporte da haste!<\/p>\n<p>inclui os seguintes m\u00f3dulos:<\/p>\n<p>OVHD vers\u00e3o HEMS<\/p>\n<p>Pain\u00e9is de disjuntores esquerdo e direito<\/p>\n<p>Candeeiro de teto<\/p>\n<p>Placa-m\u00e3e inclu\u00edda<\/p>\n<p>&nbsp;<\/p>\n<p>Cabo USB inclu\u00eddo<\/p>\n<p>Fonte de alimenta\u00e7\u00e3o inclu\u00edda<\/p>\n<p>Trabalha com o mobiflight<\/p>\n<p>Plug and play no Hypesimulation H145 e MSFS<\/p>\n<p>XFER H145 compat\u00edvel com o Xplane.<\/p>\n<p>tempo de produ\u00e7\u00e3o: 5 a 6 semanas.<\/p>\n<p>O c\u00f3digo mobiflight ser-te-\u00e1 enviado por e-mail quando fizeres a encomenda.<\/p>\n","protected":false},"excerpt":{"rendered":"<p>OVHD completo H145 Estrutura de alum\u00ednio n\u00e3o inclui o suporte da haste! inclui os seguintes m\u00f3dulos: OVHD vers\u00e3o HEMS Pain\u00e9is de disjuntores esquerdo e direito Candeeiro de teto Placa-m\u00e3e inclu\u00edda &nbsp; Cabo USB inclu\u00eddo Fonte de alimenta\u00e7\u00e3o inclu\u00edda Trabalha com o mobiflight Plug and play no Hypesimulation H145 e MSFS XFER H145 compat\u00edvel com o&hellip;&nbsp;<a href=\"https:\/\/electronic-system-cockpit.fr\/pt-pt\/boutique\/overhead-complet-h145-avec-cadre-aluminium\/\" rel=\"bookmark\">L\u00ea mais &raquo;<span class=\"screen-reader-text\">OVERHEAD COMPLETE H145 com arma\u00e7\u00e3o de alum\u00ednio<\/span><\/a><\/p>\n","protected":false},"featured_media":8962,"template":"","meta":{"neve_meta_sidebar":"","neve_meta_container":"","neve_meta_enable_content_width":"off","neve_meta_content_width":100,"neve_meta_title_alignment":"","neve_meta_author_avatar":"","neve_post_elements_order":"","neve_meta_disable_header":"","neve_meta_disable_footer":"","neve_meta_disable_title":""},"product_brand":[],"product_cat":[253,308],"product_tag":[],"class_list":{"0":"post-7436","1":"product","2":"type-product","3":"status-publish","4":"has-post-thumbnail","6":"product_cat-helicoptero-airbus-pt-pt","7":"product_cat-modulo-plug-and-play-com-estrutura-pt-pt","8":"product_shipping_class-ovh","10":"first","11":"instock","12":"featured","13":"shipping-taxable","14":"purchasable","15":"product-type-simple"},"_links":{"self":[{"href":"https:\/\/electronic-system-cockpit.fr\/pt-pt\/wp-json\/wp\/v2\/product\/7436","targetHints":{"allow":["GET"]}}],"collection":[{"href":"https:\/\/electronic-system-cockpit.fr\/pt-pt\/wp-json\/wp\/v2\/product"}],"about":[{"href":"https:\/\/electronic-system-cockpit.fr\/pt-pt\/wp-json\/wp\/v2\/types\/product"}],"wp:featuredmedia":[{"embeddable":true,"href":"https:\/\/electronic-system-cockpit.fr\/pt-pt\/wp-json\/wp\/v2\/media\/8962"}],"wp:attachment":[{"href":"https:\/\/electronic-system-cockpit.fr\/pt-pt\/wp-json\/wp\/v2\/media?parent=7436"}],"wp:term":[{"taxonomy":"product_brand","embeddable":true,"href":"https:\/\/electronic-system-cockpit.fr\/pt-pt\/wp-json\/wp\/v2\/product_brand?post=7436"},{"taxonomy":"product_cat","embeddable":true,"href":"https:\/\/electronic-system-cockpit.fr\/pt-pt\/wp-json\/wp\/v2\/product_cat?post=7436"},{"taxonomy":"product_tag","embeddable":true,"href":"https:\/\/electronic-system-cockpit.fr\/pt-pt\/wp-json\/wp\/v2\/product_tag?post=7436"}],"curies":[{"name":"wp","href":"https:\/\/api.w.org\/{rel}","templated":true}]}}